{"id":25,"date":"2020-03-26T10:20:37","date_gmt":"2020-03-26T10:20:37","guid":{"rendered":"http:\/\/www.ourancient.eu\/?page_id=25"},"modified":"2024-12-19T09:18:18","modified_gmt":"2024-12-19T09:18:18","slug":"luonto","status":"publish","type":"page","link":"https:\/\/ourancient.eu\/?page_id=25","title":{"rendered":"Luonto"},"content":{"rendered":"<p>[et_pb_section fb_built=&#8221;1&#8243; custom_padding_last_edited=&#8221;on|phone&#8221; _builder_version=&#8221;4.16&#8243; background_color=&#8221;rgba(0,0,0,0)&#8221; use_background_color_gradient=&#8221;on&#8221; background_color_gradient_direction=&#8221;183deg&#8221; background_color_gradient_stops=&#8221;#FFEBC1 0%|rgba(0,0,0,0) 69%&#8221; background_color_gradient_overlays_image=&#8221;on&#8221; background_color_gradient_start=&#8221;#FFEBC1&#8243; background_color_gradient_end=&#8221;rgba(0,0,0,0)&#8221; background_color_gradient_end_position=&#8221;69%&#8221; background_image=&#8221;http:\/\/www.ourancient.eu\/wp-content\/uploads\/2020\/04\/Muinaisen-Sarsan-Salaisuudet-ilmeen-luonnos1.001.jpeg&#8221; height=&#8221;756px&#8221; height_tablet=&#8221;&#8221; height_phone=&#8221;249px&#8221; height_last_edited=&#8221;on|phone&#8221; custom_margin=&#8221;0px||||false|false&#8221; custom_padding=&#8221;178px||0px||false|false&#8221; custom_padding_tablet=&#8221;0px||86px||false|false&#8221; custom_padding_phone=&#8221;0px||||false|false&#8221; filter_saturate=&#8221;110%&#8221; bottom_divider_style=&#8221;ramp2&#8243; bottom_divider_color=&#8221;#ffffff&#8221; bottom_divider_height=&#8221;218px&#8221; bottom_divider_height_tablet=&#8221;&#8221; bottom_divider_height_phone=&#8221;135px&#8221; bottom_divider_height_last_edited=&#8221;on|phone&#8221; locked=&#8221;off&#8221; global_colors_info=&#8221;{}&#8221;][et_pb_row _builder_version=&#8221;4.16&#8243; custom_margin=&#8221;-1px||||false|false&#8221; custom_margin_tablet=&#8221;&#8221; custom_margin_phone=&#8221;15px||||false|false&#8221; custom_margin_last_edited=&#8221;on|phone&#8221; global_colors_info=&#8221;{}&#8221; custom_margin__hover_enabled=&#8221;on|desktop&#8221; custom_margin__hover=&#8221;-1px||||false|false&#8221;][et_pb_column type=&#8221;4_4&#8243; _builder_version=&#8221;4.16&#8243; global_colors_info=&#8221;{}&#8221;][et_pb_text _builder_version=&#8221;4.16&#8243; text_font=&#8221;Snell Roundhand||||||||&#8221; text_text_color=&#8221;#ffffff&#8221; text_font_size=&#8221;73px&#8221; text_letter_spacing=&#8221;10px&#8221; header_font=&#8221;Snell Roundhand||||||||&#8221; header_text_color=&#8221;#FFFFFF&#8221; header_font_size=&#8221;94px&#8221; custom_margin=&#8221;19px||||false|false&#8221; custom_margin_tablet=&#8221;0px||||false|false&#8221; custom_margin_phone=&#8221;&#8221; custom_margin_last_edited=&#8221;on|tablet&#8221; header_font_size_tablet=&#8221;85px&#8221; header_font_size_phone=&#8221;71px&#8221; header_font_size_last_edited=&#8221;on|phone&#8221; header_letter_spacing_tablet=&#8221;&#8221; header_letter_spacing_phone=&#8221;4px&#8221; header_letter_spacing_last_edited=&#8221;on|phone&#8221; header_line_height_tablet=&#8221;0.9em&#8221; header_line_height_phone=&#8221;0.8em&#8221; header_line_height_last_edited=&#8221;on|phone&#8221; text_text_shadow_style=&#8221;preset3&#8243; text_text_shadow_color=&#8221;rgba(0,0,0,0.66)&#8221; header_text_shadow_style=&#8221;preset2&#8243; header_text_shadow_horizontal_length=&#8221;0.04em&#8221; header_text_shadow_vertical_length=&#8221;0.04em&#8221; header_text_shadow_color=&#8221;rgba(0,0,0,0.87)&#8221; header_text_shadow_blur_strength_tablet=&#8221;0.08em&#8221; header_text_shadow_blur_strength_phone=&#8221;0.08em&#8221; header_text_shadow_blur_strength_last_edited=&#8221;on|phone&#8221; global_colors_info=&#8221;{}&#8221;]<\/p>\n<h1 style=\"text-align: center;\">Luonto<\/h1>\n<p>&nbsp;<\/p>\n<p>[\/et_pb_text][\/et_pb_column][\/et_pb_row][\/et_pb_section][et_pb_section fb_built=&#8221;1&#8243; _builder_version=&#8221;4.16&#8243; custom_margin=&#8221;0px||0px||false|false&#8221; custom_padding=&#8221;||13px|||&#8221; locked=&#8221;off&#8221; global_colors_info=&#8221;{}&#8221;][et_pb_row _builder_version=&#8221;4.16&#8243; custom_margin=&#8221;0px||||false|false&#8221; custom_margin_tablet=&#8221;-20px||||false|false&#8221; custom_margin_phone=&#8221;-66px||||false|false&#8221; custom_margin_last_edited=&#8221;on|phone&#8221; global_colors_info=&#8221;{}&#8221;][et_pb_column type=&#8221;4_4&#8243; _builder_version=&#8221;4.16&#8243; global_colors_info=&#8221;{}&#8221;][et_pb_text _builder_version=&#8221;4.16&#8243; text_font=&#8221;Snell Roundhand||||||||&#8221; text_text_color=&#8221;#474747&#8243; text_font_size=&#8221;79px&#8221; header_text_color=&#8221;#474747&#8243; transform_skew=&#8221;-9deg|0deg&#8221; transform_skew_linked=&#8221;off&#8221; custom_margin=&#8221;|||-87px|false|false&#8221; custom_margin_tablet=&#8221;0px|||0px|false|false&#8221; custom_margin_phone=&#8221;|||0px|false|false&#8221; custom_margin_last_edited=&#8221;on|phone&#8221; text_font_size_tablet=&#8221;53px&#8221; text_font_size_phone=&#8221;33px&#8221; text_font_size_last_edited=&#8221;on|phone&#8221; text_line_height_tablet=&#8221;0.9em&#8221; text_line_height_phone=&#8221;0.9em&#8221; text_line_height_last_edited=&#8221;on|phone&#8221; header_font_size_tablet=&#8221;26px&#8221; header_font_size_phone=&#8221;&#8221; header_font_size_last_edited=&#8221;on|tablet&#8221; global_colors_info=&#8221;{}&#8221;]<\/p>\n<p>Sarsan luonto ennen ja nyt<\/p>\n<p>[\/et_pb_text][et_pb_text _builder_version=&#8221;4.16&#8243; text_font=&#8221;Arial||||||||&#8221; text_text_color=&#8221;#474747&#8243; text_font_size=&#8221;20px&#8221; header_text_color=&#8221;#474747&#8243; transform_skew=&#8221;-9deg|0deg&#8221; transform_skew_linked=&#8221;off&#8221; custom_margin=&#8221;|||-87px|false|false&#8221; custom_margin_tablet=&#8221;-23px|||0px|false|false&#8221; custom_margin_phone=&#8221;-14px||-8px|0px|false|false&#8221; custom_margin_last_edited=&#8221;on|phone&#8221; text_font_size_tablet=&#8221;17px&#8221; text_font_size_phone=&#8221;16px&#8221; text_font_size_last_edited=&#8221;on|phone&#8221; locked=&#8221;off&#8221; global_colors_info=&#8221;{}&#8221;]<\/p>\n<p>Heikki Toivonen, professori, biologi<\/p>\n<p>[\/et_pb_text][\/et_pb_column][\/et_pb_row][et_pb_row _builder_version=&#8221;4.16&#8243; global_colors_info=&#8221;{}&#8221;][et_pb_column type=&#8221;4_4&#8243; _builder_version=&#8221;4.16&#8243; global_colors_info=&#8221;{}&#8221;][et_pb_text _builder_version=&#8221;4.16&#8243; text_font=&#8221;Arial||on||||||&#8221; text_text_color=&#8221;#000000&#8243; text_font_size=&#8221;17px&#8221; custom_margin=&#8221;|-100px||160px|false|false&#8221; custom_margin_tablet=&#8221;-25px|0px||59px|false|false&#8221; custom_margin_phone=&#8221;-20px|-1px||20px|false|false&#8221; custom_margin_last_edited=&#8221;on|phone&#8221; custom_padding=&#8221;|||0px||&#8221; text_font_size_tablet=&#8221;14px&#8221; text_font_size_phone=&#8221;13px&#8221; text_font_size_last_edited=&#8221;on|phone&#8221; global_colors_info=&#8221;{}&#8221;]<\/p>\n<p><span>Kangasalla sijaitseva Sarsan alue oli monin tavoin suotuisa esihistorialliseksi asuinpaikaksi. Sarsa sijoittuu Salpaussel\u00e4lt\u00e4 l\u00e4htev\u00e4n Kosken \u2013 Tampereen \u2013 H\u00e4meenkankaan saumamuodostuman (harjujakson) ja J\u00e4rvi- Suomen l\u00e4ntisen osan suurj\u00e4rvien risteyskohtaan. Harjujakson it\u00e4puolella on L\u00e4ngelm\u00e4vesi ja l\u00e4nsipuolella Roine. Ne olivat aluksi yhteydess\u00e4 harjujakson matalassa notkelmassa. My\u00f6hemmin, kun Mallasvesi \u2013 Roineen vedenpinta laski sen alettua maankohoamisen seurauksena laskea Valkeakosken Apiankosken kautta, syntyi Sarsanvirta. Vedet olivat eritt\u00e4in merkitt\u00e4vi\u00e4 kalastuksen kannalta, ja niit\u00e4 pitkin p\u00e4\u00e4si siirtym\u00e4\u00e4n et\u00e4isille er\u00e4maa-alueille. Harjujakso tarjosi hyv\u00e4t kulkuyhteydet ja oli t\u00e4rke\u00e4 riistael\u00e4inten kulkureittin\u00e4. Merik\u00e4\u00e4n ei ollut kovin kaukana. Ancylus-j\u00e4rvest\u00e4 kehittyv\u00e4n Litorinameren lahti ulottui Sastamalan Kulovedelle, vajaan 50 kilometrin p\u00e4\u00e4h\u00e4n Sarsan alueesta.\u00a0<\/span><\/p>\n<p>[\/et_pb_text][\/et_pb_column][\/et_pb_row][et_pb_row _builder_version=&#8221;4.16&#8243; module_alignment=&#8221;center&#8221; global_colors_info=&#8221;{}&#8221;][et_pb_column type=&#8221;4_4&#8243; _builder_version=&#8221;4.16&#8243; global_colors_info=&#8221;{}&#8221;][et_pb_button button_url=&#8221;@ET-DC@eyJkeW5hbWljIjp0cnVlLCJjb250ZW50IjoicG9zdF9saW5rX3VybF9wYWdlIiwic2V0dGluZ3MiOnsicG9zdF9pZCI6IjE5NiJ9fQ==@&#8221; button_text=&#8221;Lue lis\u00e4\u00e4&#8221; button_alignment=&#8221;left&#8221; _builder_version=&#8221;4.16&#8243; _dynamic_attributes=&#8221;button_url&#8221; custom_button=&#8221;on&#8221; button_text_size=&#8221;20px&#8221; button_text_color=&#8221;#ffffff&#8221; button_bg_color=&#8221;#EDAC71&#8243; button_border_width=&#8221;5px&#8221; button_border_color=&#8221;rgba(0,0,0,0)&#8221; button_font=&#8221;Arial||on||||||&#8221; button_icon=&#8221;&#x35;||divi||400&#8243; custom_margin=&#8221;|-100px||160px|false|false&#8221; custom_margin_tablet=&#8221;-25px|0px||59px|false|false&#8221; custom_margin_phone=&#8221;-20px|-1px||20px|false|false&#8221; custom_margin_last_edited=&#8221;on|phone&#8221; custom_padding=&#8221;|||15px|false|false&#8221; custom_padding_tablet=&#8221;&#8221; custom_padding_phone=&#8221;|||15px|false|false&#8221; custom_padding_last_edited=&#8221;on|phone&#8221; global_colors_info=&#8221;{}&#8221; button_bg_color__hover_enabled=&#8221;on|desktop&#8221; button_bg_color__hover=&#8221;#edccaf&#8221; button_bg_enable_color__hover=&#8221;on&#8221; custom_padding__hover_enabled=&#8221;off|desktop&#8221;][\/et_pb_button][\/et_pb_column][\/et_pb_row][\/et_pb_section][et_pb_section fb_built=&#8221;1&#8243; prev_background_color=&#8221;#ffffff&#8221; _builder_version=&#8221;4.16&#8243; background_color=&#8221;#EDAC71&#8243; custom_padding=&#8221;44px||22px|||&#8221; top_divider_style=&#8221;ramp2&#8243; top_divider_height=&#8221;117px&#8221; top_divider_flip=&#8221;horizontal&#8221; top_divider_height_tablet=&#8221;&#8221; top_divider_height_phone=&#8221;94px&#8221; top_divider_height_last_edited=&#8221;on|phone&#8221; global_colors_info=&#8221;{}&#8221;][et_pb_row _builder_version=&#8221;4.16&#8243; custom_padding=&#8221;||19px|||&#8221; global_colors_info=&#8221;{}&#8221;][et_pb_column type=&#8221;4_4&#8243; _builder_version=&#8221;4.16&#8243; global_colors_info=&#8221;{}&#8221;][et_pb_code _builder_version=&#8221;4.16&#8243; global_colors_info=&#8221;{}&#8221;]<iframe loading=\"lazy\" width=\"560\" height=\"315\" src=\"https:\/\/www.youtube.com\/embed\/8o5pe_gCiF4\" frameborder=\"0\" allow=\"accelerometer; autoplay; encrypted-media; gyroscope; picture-in-picture\" allowfullscreen><\/iframe>[\/et_pb_code][\/et_pb_column][\/et_pb_row][\/et_pb_section][et_pb_section fb_built=&#8221;1&#8243; next_background_color=&#8221;#ffffff&#8221; _builder_version=&#8221;4.16&#8243; _module_preset=&#8221;default&#8221; background_color=&#8221;#edac71&#8243; custom_padding=&#8221;19px||33px|||&#8221; bottom_divider_style=&#8221;ramp2&#8243; global_colors_info=&#8221;{}&#8221;][\/et_pb_section][et_pb_section fb_built=&#8221;1&#8243; _builder_version=&#8221;4.16&#8243; background_enable_color=&#8221;off&#8221; use_background_color_gradient=&#8221;on&#8221; background_color_gradient_stops=&#8221;#ffffff 25%|#edac71 75%&#8221; background_color_gradient_start=&#8221;#ffffff&#8221; background_color_gradient_start_position=&#8221;25%&#8221; background_color_gradient_end=&#8221;#edac71&#8243; background_color_gradient_end_position=&#8221;75%&#8221; custom_margin=&#8221;||0px||false|false&#8221; custom_padding=&#8221;0px||0px||false|false&#8221; locked=&#8221;off&#8221; global_colors_info=&#8221;{}&#8221;][et_pb_row _builder_version=&#8221;4.16&#8243; global_colors_info=&#8221;{}&#8221;][et_pb_column type=&#8221;4_4&#8243; _builder_version=&#8221;4.16&#8243; global_colors_info=&#8221;{}&#8221;][et_pb_image src=&#8221;http:\/\/www.ourancient.eu\/wp-content\/uploads\/2020\/03\/MuinainenSarsa_aurinko.png&#8221; _builder_version=&#8221;4.16&#8243; width=&#8221;14%&#8221; module_alignment=&#8221;center&#8221; max_height=&#8221;1000px&#8221; custom_margin=&#8221;0px|0px|0px|0px|false|false&#8221; custom_padding=&#8221;0px|0px|0px|0px|false|false&#8221; global_colors_info=&#8221;{}&#8221;][\/et_pb_image][\/et_pb_column][\/et_pb_row][\/et_pb_section]<\/p>\n","protected":false},"excerpt":{"rendered":"<p>Luonto &nbsp;Sarsan luonto ennen ja nytHeikki Toivonen, professori, biologiKangasalla sijaitseva Sarsan alue oli monin tavoin suotuisa esihistorialliseksi asuinpaikaksi. Sarsa sijoittuu Salpaussel\u00e4lt\u00e4 l\u00e4htev\u00e4n Kosken \u2013 Tampereen \u2013 H\u00e4meenkankaan saumamuodostuman (harjujakson) ja J\u00e4rvi- Suomen l\u00e4ntisen osan suurj\u00e4rvien risteyskohtaan. Harjujakson it\u00e4puolella on L\u00e4ngelm\u00e4vesi ja l\u00e4nsipuolella Roine. Ne olivat aluksi yhteydess\u00e4 harjujakson matalassa notkelmassa. My\u00f6hemmin, kun Mallasvesi \u2013 Roineen [&hellip;]<\/p>\n","protected":false},"author":1,"featured_media":0,"parent":0,"menu_order":0,"comment_status":"closed","ping_status":"closed","template":"","meta":{"_et_pb_use_builder":"on","_et_pb_old_content":"","_et_gb_content_width":"","footnotes":""},"class_list":["post-25","page","type-page","status-publish","hentry"],"_links":{"self":[{"href":"https:\/\/ourancient.eu\/index.php?rest_route=\/wp\/v2\/pages\/25","targetHints":{"allow":["GET"]}}],"collection":[{"href":"https:\/\/ourancient.eu\/index.php?rest_route=\/wp\/v2\/pages"}],"about":[{"href":"https:\/\/ourancient.eu\/index.php?rest_route=\/wp\/v2\/types\/page"}],"author":[{"embeddable":true,"href":"https:\/\/ourancient.eu\/index.php?rest_route=\/wp\/v2\/users\/1"}],"replies":[{"embeddable":true,"href":"https:\/\/ourancient.eu\/index.php?rest_route=%2Fwp%2Fv2%2Fcomments&post=25"}],"version-history":[{"count":23,"href":"https:\/\/ourancient.eu\/index.php?rest_route=\/wp\/v2\/pages\/25\/revisions"}],"predecessor-version":[{"id":930,"href":"https:\/\/ourancient.eu\/index.php?rest_route=\/wp\/v2\/pages\/25\/revisions\/930"}],"wp:attachment":[{"href":"https:\/\/ourancient.eu\/index.php?rest_route=%2Fwp%2Fv2%2Fmedia&parent=25"}],"curies":[{"name":"wp","href":"https:\/\/api.w.org\/{rel}","templated":true}]}}