{"id":29,"date":"2020-03-26T10:20:58","date_gmt":"2020-03-26T10:20:58","guid":{"rendered":"http:\/\/www.ourancient.eu\/?page_id=29"},"modified":"2025-09-03T04:32:29","modified_gmt":"2025-09-03T04:32:29","slug":"tulevaisuus","status":"publish","type":"page","link":"https:\/\/ourancient.eu\/?page_id=29","title":{"rendered":"Tulevaisuus"},"content":{"rendered":"<p>[et_pb_section fb_built=&#8221;1&#8243; custom_padding_last_edited=&#8221;on|phone&#8221; _builder_version=&#8221;4.16&#8243; background_color=&#8221;rgba(0,0,0,0)&#8221; use_background_color_gradient=&#8221;on&#8221; background_color_gradient_direction=&#8221;183deg&#8221; background_color_gradient_stops=&#8221;#FFEBC1 0%|rgba(0,0,0,0) 69%&#8221; background_color_gradient_overlays_image=&#8221;on&#8221; background_color_gradient_start=&#8221;#FFEBC1&#8243; background_color_gradient_end=&#8221;rgba(0,0,0,0)&#8221; background_color_gradient_end_position=&#8221;69%&#8221; background_image=&#8221;http:\/\/www.ourancient.eu\/wp-content\/uploads\/2020\/04\/Sarsan-luonto-historia.001.png&#8221; height=&#8221;756px&#8221; height_tablet=&#8221;&#8221; height_phone=&#8221;249px&#8221; height_last_edited=&#8221;on|phone&#8221; custom_margin=&#8221;0px||||false|false&#8221; custom_padding=&#8221;178px||0px||false|false&#8221; custom_padding_tablet=&#8221;0px||86px||false|false&#8221; custom_padding_phone=&#8221;0px||||false|false&#8221; filter_saturate=&#8221;110%&#8221; bottom_divider_style=&#8221;ramp2&#8243; bottom_divider_color=&#8221;#ffffff&#8221; bottom_divider_height=&#8221;218px&#8221; bottom_divider_height_tablet=&#8221;&#8221; bottom_divider_height_phone=&#8221;135px&#8221; bottom_divider_height_last_edited=&#8221;on|phone&#8221; locked=&#8221;off&#8221; global_colors_info=&#8221;{}&#8221;][et_pb_row _builder_version=&#8221;4.16&#8243; global_colors_info=&#8221;{}&#8221;][et_pb_column type=&#8221;4_4&#8243; _builder_version=&#8221;4.16&#8243; global_colors_info=&#8221;{}&#8221;][et_pb_text _builder_version=&#8221;4.16&#8243; text_font=&#8221;Snell Roundhand||||||||&#8221; text_text_color=&#8221;#ffffff&#8221; text_font_size=&#8221;73px&#8221; text_letter_spacing=&#8221;10px&#8221; header_font=&#8221;Snell Roundhand||||||||&#8221; header_text_color=&#8221;#FFFFFF&#8221; header_font_size=&#8221;94px&#8221; custom_margin=&#8221;20px||||false|false&#8221; text_font_size_tablet=&#8221;73px&#8221; text_font_size_phone=&#8221;&#8221; text_font_size_last_edited=&#8221;on|tablet&#8221; header_font_size_tablet=&#8221;85px&#8221; header_font_size_phone=&#8221;60px&#8221; header_font_size_last_edited=&#8221;on|phone&#8221; header_letter_spacing_tablet=&#8221;&#8221; header_letter_spacing_phone=&#8221;4px&#8221; header_letter_spacing_last_edited=&#8221;on|phone&#8221; header_line_height_tablet=&#8221;0.9em&#8221; header_line_height_phone=&#8221;0.8em&#8221; header_line_height_last_edited=&#8221;on|phone&#8221; text_text_shadow_style=&#8221;preset3&#8243; text_text_shadow_color=&#8221;rgba(0,0,0,0.66)&#8221; header_text_shadow_style=&#8221;preset2&#8243; header_text_shadow_horizontal_length=&#8221;0.04em&#8221; header_text_shadow_vertical_length=&#8221;0.04em&#8221; header_text_shadow_color=&#8221;rgba(0,0,0,0.87)&#8221; header_text_shadow_blur_strength_tablet=&#8221;0.08em&#8221; header_text_shadow_blur_strength_phone=&#8221;0.08em&#8221; header_text_shadow_blur_strength_last_edited=&#8221;on|phone&#8221; global_colors_info=&#8221;{}&#8221;]<\/p>\n<h1 style=\"text-align: center;\">Tulevaisuus<\/h1>\n<p>[\/et_pb_text][\/et_pb_column][\/et_pb_row][\/et_pb_section][et_pb_section fb_built=&#8221;1&#8243; _builder_version=&#8221;4.16&#8243; custom_padding=&#8221;||29px|||&#8221; bottom_divider_style=&#8221;ramp2&#8243; bottom_divider_color=&#8221;#EDAC71&#8243; bottom_divider_height=&#8221;132px&#8221; bottom_divider_flip=&#8221;horizontal&#8221; global_colors_info=&#8221;{}&#8221;][et_pb_row _builder_version=&#8221;4.16&#8243; custom_margin=&#8221;-1px||||false|false&#8221; custom_margin_tablet=&#8221;-30px||||false|false&#8221; custom_margin_phone=&#8221;&#8221; custom_margin_last_edited=&#8221;on|tablet&#8221; global_colors_info=&#8221;{}&#8221;][et_pb_column type=&#8221;4_4&#8243; _builder_version=&#8221;4.16&#8243; global_colors_info=&#8221;{}&#8221;][et_pb_text _builder_version=&#8221;4.16&#8243; text_font=&#8221;Snell Roundhand||||||||&#8221; text_text_color=&#8221;#474747&#8243; text_font_size=&#8221;79px&#8221; header_text_color=&#8221;#474747&#8243; transform_skew=&#8221;-9deg|0deg&#8221; transform_skew_linked=&#8221;off&#8221; custom_margin=&#8221;|||-87px|false|false&#8221; custom_margin_tablet=&#8221;|||0px|false|false&#8221; custom_margin_phone=&#8221;|||0px|false|false&#8221; custom_margin_last_edited=&#8221;on|phone&#8221; text_font_size_tablet=&#8221;67px&#8221; text_font_size_phone=&#8221;47px&#8221; text_font_size_last_edited=&#8221;on|phone&#8221; text_line_height_tablet=&#8221;0.9em&#8221; text_line_height_phone=&#8221;0.9em&#8221; text_line_height_last_edited=&#8221;on|phone&#8221; global_colors_info=&#8221;{}&#8221;]<\/p>\n<p>Paikallishistoriaa tutuksi\u00a0<\/p>\n<p>[\/et_pb_text][\/et_pb_column][\/et_pb_row][et_pb_row _builder_version=&#8221;4.16&#8243; global_colors_info=&#8221;{}&#8221;][et_pb_column type=&#8221;4_4&#8243; _builder_version=&#8221;4.16&#8243; global_colors_info=&#8221;{}&#8221;][et_pb_text _builder_version=&#8221;4.16&#8243; text_font=&#8221;Arial||on||||||&#8221; text_text_color=&#8221;#000000&#8243; text_font_size=&#8221;17px&#8221; custom_margin=&#8221;|-100px||160px|false|false&#8221; custom_margin_tablet=&#8221;-25px|0px||59px|false|false&#8221; custom_margin_phone=&#8221;-20px|-1px||20px|false|false&#8221; custom_margin_last_edited=&#8221;on|phone&#8221; custom_padding=&#8221;||0px|0px||&#8221; link_option_url=&#8221;https:\/\/www.kangasala.fi\/wp-content\/uploads\/2018\/06\/Kangasalan_kaupunkistrategia2025_1.pdf&#8221; link_option_url_new_window=&#8221;on&#8221; text_font_size_tablet=&#8221;14px&#8221; text_font_size_phone=&#8221;13px&#8221; text_font_size_last_edited=&#8221;on|phone&#8221; global_colors_info=&#8221;{}&#8221;]<\/p>\n<p><span style=\"font-weight: 400;\">Pirkanmaan merkitt\u00e4vimm\u00e4n muinaismuistoalueen <\/span><i><span style=\"font-weight: 400;\">Kangasalan Sarsan<\/span><\/i> <span style=\"font-weight: 400;\">esihistoriallisissa l\u00f6yd\u00f6iss\u00e4 ovat edustettuina kaikki l\u00e4ntisen Suomen kivikauden ja Sis\u00e4-Suomen varhaisen metallikauden vaiheet. Sarsasta on olemassa ja ollaan tuottamassa julkaisuja sek\u00e4 tutkimuksia. Niiden kiinnostavuutta lis\u00e4\u00e4v\u00e4t historian ja luonnon saavutettavuus <\/span><a href=\"https:\/\/arcg.is\/1j5m8m\" target=\"_blank\" rel=\"noopener noreferrer\" title=\"Muinainen Sarsa verkkoty\u00f6kalu\"><i><span style=\"font-weight: 400;\">autenttisilla tapahtumapaikoilla.<\/span><\/i><\/a><\/p>\n<p><span style=\"font-weight: 400;\">Mobiilit esitystekniikat sek\u00e4 paikkatietosovellukset mahdollistavat el\u00e4myksellisen kerronnan ja tarinallistamisen sek\u00e4 antavat runsaasti aineksia uudenlaisten tietoseikkailujen luomiseen. Niiden avulla tarjoutuu eri ik\u00e4isille oppijoille mahdollisuus yhdist\u00e4\u00e4 verkosta l\u00f6ytyvi\u00e4\u00a0 pirstaloituneita\u00a0 ja siiloutuneita tiedonjyv\u00e4si\u00e4 osaksi laajempaa k\u00e4sityskyky\u00e4 tukevia oppimaisemia.<\/span><\/p>\n<p><a href=\"https:\/\/www.kangasala.fi\/wp-content\/uploads\/2018\/06\/Kangasalan_kaupunkistrategia2025_1.pdf\"><i><span style=\"font-weight: 400;\">Kangasalan kaupunkistrategia 2025<\/span><\/i><\/a> <span style=\"font-weight: 400;\">mainitsee <\/span><i><span style=\"font-weight: 400;\">Sarsan alueen erikseen kehitett\u00e4v\u00e4n\u00e4 matkailun ja virkistyksen kohdealueena<\/span><\/i><span style=\"font-weight: 400;\">. Sarsan alue onkin nostettu esiin yhten\u00e4 pilottikohteena <\/span><i><span style=\"font-weight: 400;\">Pirkanmaan \u201c<\/span><\/i><a href=\"https:\/\/www.pirkanmaa.fi\/blog\/2016\/11\/14\/menestystarinoista-uutta-identiteettia\/\"><i><span style=\"font-weight: 400;\">Identiteetti\u00e4 etsim\u00e4ss\u00e4<\/span><\/i><\/a><i><span style=\"font-weight: 400;\"><a href=\"https:\/\/www.pirkanmaa.fi\/blog\/2016\/11\/14\/menestystarinoista-uutta-identiteettia\/\">\u201d &#8211;<\/a> kulttuurisuunnitelmassa<\/span><\/i><span style=\"font-weight: 400;\">.<\/span><\/p>\n<p>[\/et_pb_text][\/et_pb_column][\/et_pb_row][\/et_pb_section][et_pb_section fb_built=&#8221;1&#8243; _builder_version=&#8221;4.16&#8243; background_color=&#8221;#EDAC71&#8243; height=&#8221;802px&#8221; custom_padding=&#8221;34px|||||&#8221; global_colors_info=&#8221;{}&#8221;][et_pb_row _builder_version=&#8221;4.16&#8243; custom_margin=&#8221;-1px||||false|false&#8221; custom_margin_tablet=&#8221;-49px||||false|false&#8221; custom_margin_phone=&#8221;&#8221; custom_margin_last_edited=&#8221;on|tablet&#8221; global_colors_info=&#8221;{}&#8221;][et_pb_column type=&#8221;4_4&#8243; _builder_version=&#8221;4.16&#8243; global_colors_info=&#8221;{}&#8221;][et_pb_text _builder_version=&#8221;4.16&#8243; text_font=&#8221;Snell Roundhand||||||||&#8221; text_text_color=&#8221;#242424&#8243; text_font_size=&#8221;50px&#8221; text_letter_spacing=&#8221;1px&#8221; text_line_height=&#8221;1em&#8221; header_font=&#8221;Snell Roundhand||||||||&#8221; header_font_size=&#8221;50px&#8221; transform_scale_linked=&#8221;off&#8221; transform_skew_linked=&#8221;off&#8221; custom_margin=&#8221;|-50px||-50px|false|false&#8221; custom_margin_tablet=&#8221;&#8221; custom_margin_phone=&#8221;-40px||||false|false&#8221; custom_margin_last_edited=&#8221;on|phone&#8221; header_font_size_tablet=&#8221;&#8221; header_font_size_phone=&#8221;36px&#8221; header_font_size_last_edited=&#8221;on|phone&#8221; text_text_shadow_style=&#8221;preset1&#8243; text_text_shadow_horizontal_length=&#8221;0.06em&#8221; text_text_shadow_vertical_length=&#8221;0.04em&#8221; locked=&#8221;off&#8221; global_colors_info=&#8221;{}&#8221;]<\/p>\n<h1 class=\"text-viewer text-viewer-h1\" style=\"text-align: center;\">&#8220;Muinainen Sarsa 360&#8221; virtuaalikierros<\/h1>\n<p>[\/et_pb_text][et_pb_code _builder_version=&#8221;4.27.4&#8243; hover_enabled=&#8221;0&#8243; global_colors_info=&#8221;{}&#8221; sticky_enabled=&#8221;0&#8243;]<iframe loading=\"lazy\" width=\"100%\" height=\"640\" style=\"width: 100%; height: 640px; border: none; max-width: 100%;\" frameborder=\"0\" allowfullscreen=\"true\" allow=\"vr,gyroscope,accelerometer,fullscreen\" scrolling=\"no\" src=\"https:\/\/kuula.co\/share\/NlVT6?logo=0&#038;info=0&#038;fs=1&#038;vr=1&#038;zoom=1&#038;sd=1&#038;initload=0&#038;thumbs=1\"><\/iframe>[\/et_pb_code][\/et_pb_column][\/et_pb_row][\/et_pb_section][et_pb_section fb_built=&#8221;1&#8243; prev_background_color=&#8221;#EDAC71&#8243; _builder_version=&#8221;4.16&#8243; background_color=&#8221;#ffffff&#8221; custom_margin=&#8221;0px||||false|false&#8221; custom_margin_tablet=&#8221;||-95px||false|false&#8221; custom_margin_phone=&#8221;0px||0px||false|false&#8221; custom_margin_last_edited=&#8221;on|phone&#8221; custom_padding=&#8221;35px||31px|||&#8221; top_divider_style=&#8221;ramp2&#8243; top_divider_height=&#8221;117px&#8221; top_divider_flip_tablet=&#8221;&#8221; top_divider_flip_phone=&#8221;none&#8221; top_divider_flip_last_edited=&#8221;on|phone&#8221; bottom_divider_height=&#8221;182px&#8221; bottom_divider_flip=&#8221;horizontal&#8221; bottom_divider_height_tablet=&#8221;&#8221; bottom_divider_height_phone=&#8221;140px&#8221; bottom_divider_height_last_edited=&#8221;on|phone&#8221; bottom_divider_flip_tablet=&#8221;&#8221; bottom_divider_flip_phone=&#8221;none&#8221; bottom_divider_flip_last_edited=&#8221;on|phone&#8221; locked=&#8221;off&#8221; global_colors_info=&#8221;{}&#8221;][et_pb_row _builder_version=&#8221;4.16&#8243; global_colors_info=&#8221;{}&#8221;][et_pb_column type=&#8221;4_4&#8243; _builder_version=&#8221;4.16&#8243; global_colors_info=&#8221;{}&#8221;][et_pb_divider color=&#8221;#ed7c12&#8243; _builder_version=&#8221;4.16&#8243; global_colors_info=&#8221;{}&#8221;][\/et_pb_divider][et_pb_text _builder_version=&#8221;4.16&#8243; text_font=&#8221;Snell Roundhand||||||||&#8221; text_text_color=&#8221;#242424&#8243; text_font_size=&#8221;50px&#8221; text_letter_spacing=&#8221;1px&#8221; text_line_height=&#8221;0.2em&#8221; header_font=&#8221;Snell Roundhand||||||||&#8221; header_font_size=&#8221;50px&#8221; transform_scale_linked=&#8221;off&#8221; transform_skew_linked=&#8221;off&#8221; custom_margin=&#8221;1px|-50px||-50px|false|false&#8221; custom_margin_tablet=&#8221;23px||5px|-50px|false|false&#8221; custom_margin_phone=&#8221;20px||10px||false|false&#8221; custom_margin_last_edited=&#8221;on|phone&#8221; text_font_size_phone=&#8221;50px&#8221; text_font_size_last_edited=&#8221;off|phone&#8221; header_font_size_tablet=&#8221;&#8221; header_font_size_phone=&#8221;36px&#8221; header_font_size_last_edited=&#8221;on|phone&#8221; text_text_shadow_style=&#8221;preset1&#8243; text_text_shadow_horizontal_length=&#8221;0.06em&#8221; text_text_shadow_vertical_length=&#8221;0.04em&#8221; global_colors_info=&#8221;{}&#8221;]<\/p>\n<h1 class=\"text-viewer text-viewer-h1\" style=\"text-align: center;\">&#8220;Muinainen Sarsa&#8221;- p\u00f6yt\u00e4roolipeli<\/h1>\n<p>[\/et_pb_text][et_pb_image src=&#8221;http:\/\/www.ourancient.eu\/wp-content\/uploads\/2020\/05\/logosuomi.png&#8221; url=&#8221;@ET-DC@eyJkeW5hbWljIjp0cnVlLCJjb250ZW50IjoicG9zdF9saW5rX3VybF9wYWdlIiwic2V0dGluZ3MiOnsicG9zdF9pZCI6IjQwOCJ9fQ==@&#8221; _builder_version=&#8221;4.16&#8243; _dynamic_attributes=&#8221;url&#8221; max_width=&#8221;62%&#8221; max_width_tablet=&#8221;&#8221; max_width_phone=&#8221;100%&#8221; max_width_last_edited=&#8221;on|phone&#8221; module_alignment=&#8221;center&#8221; custom_margin=&#8221;|||1px|false|false&#8221; custom_margin_tablet=&#8221;&#8221; custom_margin_phone=&#8221;|0px||34px|false|false&#8221; custom_margin_last_edited=&#8221;on|phone&#8221; custom_padding=&#8221;|||0px|false|false&#8221; global_colors_info=&#8221;{}&#8221; transform_styles__hover_enabled=&#8221;on|hover&#8221; transform_scale__hover_enabled=&#8221;on|hover&#8221; transform_translate__hover_enabled=&#8221;on|desktop&#8221; transform_rotate__hover_enabled=&#8221;on|desktop&#8221; transform_skew__hover_enabled=&#8221;on|desktop&#8221; transform_origin__hover_enabled=&#8221;on|desktop&#8221; transform_scale__hover=&#8221;105%|105%&#8221;][\/et_pb_image][et_pb_divider color=&#8221;#ed7c12&#8243; _builder_version=&#8221;4.16&#8243; global_colors_info=&#8221;{}&#8221;][\/et_pb_divider][\/et_pb_column][\/et_pb_row][\/et_pb_section][et_pb_section fb_built=&#8221;1&#8243; next_background_color=&#8221;#edac71&#8243; _builder_version=&#8221;4.16&#8243; custom_padding=&#8221;32px||32px|||&#8221; top_divider_height=&#8221;249px&#8221; bottom_divider_style=&#8221;ramp2&#8243; global_colors_info=&#8221;{}&#8221;][et_pb_row _builder_version=&#8221;4.16&#8243; global_colors_info=&#8221;{}&#8221;][et_pb_column type=&#8221;4_4&#8243; _builder_version=&#8221;4.16&#8243; global_colors_info=&#8221;{}&#8221;][et_pb_text _builder_version=&#8221;4.16&#8243; text_font=&#8221;Snell Roundhand||||||||&#8221; text_text_color=&#8221;#242424&#8243; text_font_size=&#8221;50px&#8221; text_letter_spacing=&#8221;1px&#8221; text_line_height=&#8221;1em&#8221; header_font=&#8221;Snell Roundhand||||||||&#8221; header_font_size=&#8221;50px&#8221; transform_scale_linked=&#8221;off&#8221; transform_skew_linked=&#8221;off&#8221; custom_margin=&#8221;-1px|-50px||-50px|false|false&#8221; custom_margin_tablet=&#8221;&#8221; custom_margin_phone=&#8221;-50px||||false|false&#8221; custom_margin_last_edited=&#8221;on|phone&#8221; header_font_size_tablet=&#8221;&#8221; header_font_size_phone=&#8221;36px&#8221; header_font_size_last_edited=&#8221;on|phone&#8221; text_text_shadow_style=&#8221;preset1&#8243; text_text_shadow_horizontal_length=&#8221;0.06em&#8221; text_text_shadow_vertical_length=&#8221;0.04em&#8221; locked=&#8221;off&#8221; global_colors_info=&#8221;{}&#8221;]<\/p>\n<h1 class=\"text-viewer text-viewer-h1\" style=\"text-align: center;\">Askelmerkkej\u00e4 Sarsan tulevaisuuteen<\/h1>\n<p>[\/et_pb_text][et_pb_video_slider _builder_version=&#8221;4.16&#8243; global_colors_info=&#8221;{}&#8221;][et_pb_video_slider_item src=&#8221;https:\/\/www.youtube.com\/watch?v=7_rgNN4UGtY&#8221; _builder_version=&#8221;4.0.4&#8243; global_colors_info=&#8221;{}&#8221; show_image_overlay=&#8221;off&#8221;][\/et_pb_video_slider_item][et_pb_video_slider_item src=&#8221;https:\/\/www.youtube.com\/watch?v=SOFn4Q85jGg&#8221; play_icon_color=&#8221;#000000&#8243; _builder_version=&#8221;4.0.4&#8243; global_colors_info=&#8221;{}&#8221; show_image_overlay=&#8221;off&#8221;][\/et_pb_video_slider_item][et_pb_video_slider_item src=&#8221;http:\/\/www.youtube.com\/watch?v=u_1EfcONWOE&#8221; _builder_version=&#8221;4.0.4&#8243; global_colors_info=&#8221;{}&#8221; show_image_overlay=&#8221;off&#8221;][\/et_pb_video_slider_item][et_pb_video_slider_item src=&#8221;https:\/\/www.youtube.com\/watch?v=nwcTn19Ttuw&#038;feature=youtu.be&#8221; _builder_version=&#8221;4.0.4&#8243; global_colors_info=&#8221;{}&#8221; show_image_overlay=&#8221;off&#8221;][\/et_pb_video_slider_item][et_pb_video_slider_item src=&#8221;http:\/\/www.ourancient.eu\/wp-content\/uploads\/2020\/06\/DNDtraileri.mp4&#8243; _builder_version=&#8221;4.5.6&#8243; _module_preset=&#8221;default&#8221; global_colors_info=&#8221;{}&#8221; show_image_overlay=&#8221;off&#8221;][\/et_pb_video_slider_item][et_pb_video_slider_item src=&#8221;https:\/\/www.youtube.com\/watch?v=AD74R8u_RoY&#8221; _builder_version=&#8221;4.9.4&#8243; _module_preset=&#8221;default&#8221; global_colors_info=&#8221;{}&#8221; show_image_overlay=&#8221;off&#8221;][\/et_pb_video_slider_item][\/et_pb_video_slider][\/et_pb_column][\/et_pb_row][\/et_pb_section][et_pb_section fb_built=&#8221;1&#8243; _builder_version=&#8221;4.16&#8243; background_color=&#8221;#edac71&#8243; use_background_color_gradient=&#8221;on&#8221; background_color_gradient_direction=&#8221;360deg&#8221; background_color_gradient_stops=&#8221;#EDAC71 0%|rgba(0,0,0,0) 39%&#8221; background_color_gradient_start=&#8221;#EDAC71&#8243; background_color_gradient_end=&#8221;rgba(0,0,0,0)&#8221; background_color_gradient_end_position=&#8221;39%&#8221; custom_margin=&#8221;||0px||false|false&#8221; custom_padding=&#8221;0px||0px||false|false&#8221; locked=&#8221;off&#8221; global_colors_info=&#8221;{}&#8221;][et_pb_row _builder_version=&#8221;4.16&#8243; global_colors_info=&#8221;{}&#8221;][et_pb_column type=&#8221;4_4&#8243; _builder_version=&#8221;4.16&#8243; global_colors_info=&#8221;{}&#8221;][et_pb_image src=&#8221;http:\/\/www.ourancient.eu\/wp-content\/uploads\/2020\/03\/MuinainenSarsa_aurinko.png&#8221; _builder_version=&#8221;4.16&#8243; width=&#8221;14%&#8221; module_alignment=&#8221;center&#8221; max_height=&#8221;1000px&#8221; custom_margin=&#8221;0px|0px|0px|0px|false|false&#8221; custom_padding=&#8221;0px|0px|0px|0px|false|false&#8221; global_colors_info=&#8221;{}&#8221;][\/et_pb_image][\/et_pb_column][\/et_pb_row][\/et_pb_section]<\/p>\n","protected":false},"excerpt":{"rendered":"<p>TulevaisuusPaikallishistoriaa tutuksi\u00a0Pirkanmaan merkitt\u00e4vimm\u00e4n muinaismuistoalueen Kangasalan Sarsan esihistoriallisissa l\u00f6yd\u00f6iss\u00e4 ovat edustettuina kaikki l\u00e4ntisen Suomen kivikauden ja Sis\u00e4-Suomen varhaisen metallikauden vaiheet. Sarsasta on olemassa ja ollaan tuottamassa julkaisuja sek\u00e4 tutkimuksia. Niiden kiinnostavuutta lis\u00e4\u00e4v\u00e4t historian ja luonnon saavutettavuus autenttisilla tapahtumapaikoilla. Mobiilit esitystekniikat sek\u00e4 paikkatietosovellukset mahdollistavat el\u00e4myksellisen kerronnan ja tarinallistamisen sek\u00e4 antavat runsaasti aineksia uudenlaisten tietoseikkailujen luomiseen. Niiden avulla [&hellip;]<\/p>\n","protected":false},"author":1,"featured_media":0,"parent":0,"menu_order":0,"comment_status":"closed","ping_status":"closed","template":"","meta":{"_et_pb_use_builder":"on","_et_pb_old_content":"","_et_gb_content_width":"","footnotes":""},"class_list":["post-29","page","type-page","status-publish","hentry"],"_links":{"self":[{"href":"https:\/\/ourancient.eu\/index.php?rest_route=\/wp\/v2\/pages\/29","targetHints":{"allow":["GET"]}}],"collection":[{"href":"https:\/\/ourancient.eu\/index.php?rest_route=\/wp\/v2\/pages"}],"about":[{"href":"https:\/\/ourancient.eu\/index.php?rest_route=\/wp\/v2\/types\/page"}],"author":[{"embeddable":true,"href":"https:\/\/ourancient.eu\/index.php?rest_route=\/wp\/v2\/users\/1"}],"replies":[{"embeddable":true,"href":"https:\/\/ourancient.eu\/index.php?rest_route=%2Fwp%2Fv2%2Fcomments&post=29"}],"version-history":[{"count":40,"href":"https:\/\/ourancient.eu\/index.php?rest_route=\/wp\/v2\/pages\/29\/revisions"}],"predecessor-version":[{"id":958,"href":"https:\/\/ourancient.eu\/index.php?rest_route=\/wp\/v2\/pages\/29\/revisions\/958"}],"wp:attachment":[{"href":"https:\/\/ourancient.eu\/index.php?rest_route=%2Fwp%2Fv2%2Fmedia&parent=29"}],"curies":[{"name":"wp","href":"https:\/\/api.w.org\/{rel}","templated":true}]}}