{"id":31,"date":"2020-03-26T10:21:05","date_gmt":"2020-03-26T10:21:05","guid":{"rendered":"http:\/\/www.ourancient.eu\/?page_id=31"},"modified":"2024-10-21T06:53:38","modified_gmt":"2024-10-21T06:53:38","slug":"yhteystiedot","status":"publish","type":"page","link":"https:\/\/ourancient.eu\/?page_id=31","title":{"rendered":"Yhteystiedot &#038; sijainti"},"content":{"rendered":"<p>[et_pb_section fb_built=&#8221;1&#8243; custom_padding_last_edited=&#8221;on|phone&#8221; _builder_version=&#8221;4.16&#8243; background_color=&#8221;rgba(0,0,0,0)&#8221; use_background_color_gradient=&#8221;on&#8221; background_color_gradient_direction=&#8221;183deg&#8221; background_color_gradient_stops=&#8221;#FFEBC1 0%|rgba(0,0,0,0) 69%&#8221; background_color_gradient_overlays_image=&#8221;on&#8221; background_color_gradient_start=&#8221;#FFEBC1&#8243; background_color_gradient_end=&#8221;rgba(0,0,0,0)&#8221; background_color_gradient_end_position=&#8221;69%&#8221; background_image=&#8221;http:\/\/www.ourancient.eu\/wp-content\/uploads\/2020\/03\/Muinaisen-Sarsan-Salaisuudet-ilmeen-luonnoskuvat-.003.jpeg&#8221; height=&#8221;756px&#8221; height_tablet=&#8221;&#8221; height_phone=&#8221;249px&#8221; height_last_edited=&#8221;on|phone&#8221; custom_margin=&#8221;0px||-34px||false|false&#8221; custom_padding=&#8221;178px||0px||false|false&#8221; custom_padding_tablet=&#8221;0px||86px||false|false&#8221; custom_padding_phone=&#8221;0px||0px||false|false&#8221; filter_saturate=&#8221;110%&#8221; bottom_divider_style=&#8221;ramp2&#8243; bottom_divider_color=&#8221;#ffffff&#8221; bottom_divider_height=&#8221;218px&#8221; bottom_divider_height_tablet=&#8221;&#8221; bottom_divider_height_phone=&#8221;135px&#8221; bottom_divider_height_last_edited=&#8221;on|phone&#8221; locked=&#8221;off&#8221; global_colors_info=&#8221;{}&#8221;][et_pb_row _builder_version=&#8221;4.16&#8243; global_colors_info=&#8221;{}&#8221;][et_pb_column type=&#8221;4_4&#8243; _builder_version=&#8221;4.16&#8243; global_colors_info=&#8221;{}&#8221;][et_pb_text _builder_version=&#8221;4.16&#8243; text_font=&#8221;Snell Roundhand||||||||&#8221; text_text_color=&#8221;#ffffff&#8221; text_font_size=&#8221;74px&#8221; text_letter_spacing=&#8221;10px&#8221; header_font=&#8221;Snell Roundhand||||||||&#8221; header_text_color=&#8221;#FFFFFF&#8221; header_font_size=&#8221;94px&#8221; custom_margin=&#8221;20px||||false|false&#8221; text_font_size_tablet=&#8221;&#8221; text_font_size_phone=&#8221;74px&#8221; text_font_size_last_edited=&#8221;on|phone&#8221; header_font_size_tablet=&#8221;85px&#8221; header_font_size_phone=&#8221;60px&#8221; header_font_size_last_edited=&#8221;on|phone&#8221; header_letter_spacing_tablet=&#8221;&#8221; header_letter_spacing_phone=&#8221;4px&#8221; header_letter_spacing_last_edited=&#8221;on|phone&#8221; header_line_height_tablet=&#8221;0.9em&#8221; header_line_height_phone=&#8221;0.8em&#8221; header_line_height_last_edited=&#8221;on|phone&#8221; text_text_shadow_style=&#8221;preset3&#8243; text_text_shadow_color=&#8221;rgba(0,0,0,0.66)&#8221; header_text_shadow_style=&#8221;preset2&#8243; header_text_shadow_horizontal_length=&#8221;0.04em&#8221; header_text_shadow_vertical_length=&#8221;0.04em&#8221; header_text_shadow_color=&#8221;rgba(0,0,0,0.87)&#8221; header_text_shadow_blur_strength_tablet=&#8221;0.08em&#8221; header_text_shadow_blur_strength_phone=&#8221;0.08em&#8221; header_text_shadow_blur_strength_last_edited=&#8221;on|phone&#8221; global_colors_info=&#8221;{}&#8221;]<\/p>\n<h1 style=\"text-align: center;\">Yhteystiedot<\/h1>\n<p>[\/et_pb_text][\/et_pb_column][\/et_pb_row][\/et_pb_section][et_pb_section fb_built=&#8221;1&#8243; _builder_version=&#8221;4.16&#8243; custom_margin=&#8221;34px||0px||false|false&#8221; locked=&#8221;off&#8221; global_colors_info=&#8221;{}&#8221;][et_pb_row _builder_version=&#8221;4.16&#8243; global_colors_info=&#8221;{}&#8221;][et_pb_column type=&#8221;4_4&#8243; _builder_version=&#8221;4.16&#8243; global_colors_info=&#8221;{}&#8221;][et_pb_text _builder_version=&#8221;4.16&#8243; text_font=&#8221;Snell Roundhand||||||||&#8221; text_text_color=&#8221;#474747&#8243; text_font_size=&#8221;79px&#8221; header_text_color=&#8221;#474747&#8243; transform_skew_linked=&#8221;off&#8221; custom_margin=&#8221;|||-87px|false|false&#8221; custom_margin_tablet=&#8221;-80px|||0px|false|false&#8221; custom_margin_phone=&#8221;0px|-20px|0px|-15px|false|false&#8221; custom_margin_last_edited=&#8221;on|phone&#8221; text_font_size_tablet=&#8221;60px&#8221; text_font_size_phone=&#8221;38px&#8221; text_font_size_last_edited=&#8221;on|phone&#8221; text_line_height_tablet=&#8221;0.3em&#8221; text_line_height_phone=&#8221;0.1em&#8221; text_line_height_last_edited=&#8221;on|phone&#8221; global_colors_info=&#8221;{}&#8221;]<\/p>\n<p>Lis\u00e4tietoja<\/p>\n<p>&#8220;Muinaisesta Sarsasta&#8221;<\/p>\n<p>[\/et_pb_text][\/et_pb_column][\/et_pb_row][et_pb_row column_structure=&#8221;1_2,1_2&#8243; _builder_version=&#8221;4.16&#8243; global_colors_info=&#8221;{}&#8221;][et_pb_column type=&#8221;1_2&#8243; _builder_version=&#8221;4.16&#8243; global_colors_info=&#8221;{}&#8221;][et_pb_code _builder_version=&#8221;4.16&#8243; global_colors_info=&#8221;{}&#8221;]<iframe loading=\"lazy\" src=\"https:\/\/www.google.com\/maps\/embed?pb=!1m18!1m12!1m3!1d1906.9286314505857!2d24.1229930162635!3d61.44848364636805!2m3!1f0!2f0!3f0!3m2!1i1024!2i768!4f13.1!3m3!1m2!1s0x468f1dfae0e3b55d%3A0xe50c0dd4aed6acf3!2sPohtiolampi!5e0!3m2!1sen!2sfi!4v1588840044535!5m2!1sen!2sfi\" width=\"600\" height=\"450\" frameborder=\"0\" style=\"border:0;\" allowfullscreen=\"\" aria-hidden=\"false\" tabindex=\"0\"><\/iframe>[\/et_pb_code][\/et_pb_column][et_pb_column type=&#8221;1_2&#8243; _builder_version=&#8221;4.16&#8243; global_colors_info=&#8221;{}&#8221;][et_pb_text _builder_version=&#8221;4.16&#8243; text_font=&#8221;Arial||on||||||&#8221; text_text_color=&#8221;#000000&#8243; text_font_size=&#8221;17px&#8221; width=&#8221;89%&#8221; custom_margin=&#8221;|-100px||0px|false|false&#8221; custom_padding=&#8221;|||0px||&#8221; link_option_url=&#8221;https:\/\/visitkangasala.fi\/info\/&#8221; link_option_url_new_window=&#8221;on&#8221; text_font_size_tablet=&#8221;&#8221; text_font_size_phone=&#8221;15px&#8221; text_font_size_last_edited=&#8221;on|phone&#8221; global_colors_info=&#8221;{}&#8221;]<\/p>\n<p><strong>Kangasalan matkailuneuvonta:<\/strong><br \/><span data-contrast=\"auto\">p. 050 315 2854<\/span><br \/><span data-contrast=\"none\">info@visitkangasala.fi<\/span><span data-ccp-props=\"{&quot;201341983&quot;:0,&quot;335559739&quot;:160,&quot;335559740&quot;:259}\"><br \/><\/span><\/p>\n<p><strong><a href=\"https:\/\/w\u00e4\u00e4ksynkartano.fi\/yhteystiedot\/\" title=\"W\u00e4\u00e4ksyn kartanon sivuille\">W\u00e4\u00e4ksyn kartano<\/a><\/strong>:<br \/>p.: 0500 634 848<br \/>sonja.danielsson@waaksynkartano.fi<\/p>\n<p><strong style=\"font-size: 17px;\"><\/strong><strong><a href=\"https:\/\/www.businesskangasala.fi\/yhteystiedot\/\" target=\"_blank\" rel=\"noopener noreferrer\" title=\"yhteystietosivulle\">Business Kangasala:<\/a><br \/><\/strong>p. 044 481 1140<br \/><a href=\"mailto:senni.jalonen@businesskangasala.fi\">senni.jalonen@businesskangasala.fi<\/a><\/p>\n<p><strong>Muinainen Sarsa &#8211; Paikallishistoriaa tutuksi paikkatietoa kehitt\u00e4m\u00e4ll\u00e4<br \/><\/strong>p.050 564 4777<br \/>heikki.maenpaa@harjulaproduction.com<\/p>\n<p>&nbsp;<\/p>\n<p>[\/et_pb_text][\/et_pb_column][\/et_pb_row][et_pb_row column_structure=&#8221;1_3,1_3,1_3&#8243; _builder_version=&#8221;4.16&#8243; custom_margin=&#8221;-1px||||false|false&#8221; custom_margin_tablet=&#8221;-10px||-30px||false|false&#8221; custom_margin_phone=&#8221;-31px||-63px||false|false&#8221; custom_margin_last_edited=&#8221;on|phone&#8221; custom_css_main_element=&#8221;display: flex;&#8221; global_colors_info=&#8221;{}&#8221;][et_pb_column type=&#8221;1_3&#8243; _builder_version=&#8221;4.16&#8243; global_colors_info=&#8221;{}&#8221;][et_pb_image src=&#8221;http:\/\/www.ourancient.eu\/wp-content\/uploads\/2020\/04\/visit_kangasala.png&#8221; url=&#8221;https:\/\/visitkangasala.fi\/sarsa\/&#8221; url_new_window=&#8221;on&#8221; align=&#8221;center&#8221; _builder_version=&#8221;4.16&#8243; width=&#8221;85%&#8221; global_colors_info=&#8221;{}&#8221; transform_styles__hover_enabled=&#8221;on|hover&#8221; transform_scale__hover_enabled=&#8221;on|hover&#8221; transform_translate__hover_enabled=&#8221;on|desktop&#8221; transform_rotate__hover_enabled=&#8221;on|desktop&#8221; transform_skew__hover_enabled=&#8221;on|desktop&#8221; transform_origin__hover_enabled=&#8221;on|desktop&#8221; transform_scale__hover=&#8221;105%|105%&#8221;][\/et_pb_image][\/et_pb_column][et_pb_column type=&#8221;1_3&#8243; _builder_version=&#8221;4.16&#8243; global_colors_info=&#8221;{}&#8221;][et_pb_image src=&#8221;http:\/\/www.ourancient.eu\/wp-content\/uploads\/2020\/04\/Kangasala_logo_RGB_color.png&#8221; url=&#8221;https:\/\/www.kangasala.fi\/kaupunki-ja-paatoksenteko\/tietoa-kangasalasta\/historia\/sarsa\/&#8221; url_new_window=&#8221;on&#8221; align=&#8221;center&#8221; _builder_version=&#8221;4.16&#8243; width=&#8221;90%&#8221; module_alignment=&#8221;center&#8221; custom_margin=&#8221;88px||||false|false&#8221; custom_margin_tablet=&#8221;60px||||false|false&#8221; custom_margin_phone=&#8221;37px||||false|false&#8221; custom_margin_last_edited=&#8221;on|phone&#8221; global_colors_info=&#8221;{}&#8221; transform_styles__hover_enabled=&#8221;on|hover&#8221; transform_scale__hover_enabled=&#8221;on|hover&#8221; transform_translate__hover_enabled=&#8221;on|desktop&#8221; transform_rotate__hover_enabled=&#8221;on|desktop&#8221; transform_skew__hover_enabled=&#8221;on|desktop&#8221; transform_origin__hover_enabled=&#8221;on|desktop&#8221; transform_scale__hover=&#8221;105%|105%&#8221;][\/et_pb_image][\/et_pb_column][et_pb_column type=&#8221;1_3&#8243; _builder_version=&#8221;4.16&#8243; global_colors_info=&#8221;{}&#8221;][et_pb_image src=&#8221;http:\/\/www.ourancient.eu\/wp-content\/uploads\/2020\/04\/Kielet-Hannunvaakuna-teksti.png&#8221; url=&#8221;http:\/\/harjulaproduction.com\/contact.html&#8221; url_new_window=&#8221;on&#8221; _builder_version=&#8221;4.16&#8243; custom_margin=&#8221;-1px||||false|false&#8221; custom_margin_tablet=&#8221;14px||||false|false&#8221; custom_margin_phone=&#8221;9px||||false|false&#8221; custom_margin_last_edited=&#8221;on|phone&#8221; custom_padding=&#8221;0px|||||&#8221; global_colors_info=&#8221;{}&#8221; transform_styles__hover_enabled=&#8221;on|hover&#8221; transform_scale__hover_enabled=&#8221;on|hover&#8221; transform_translate__hover_enabled=&#8221;on|desktop&#8221; transform_rotate__hover_enabled=&#8221;on|desktop&#8221; transform_skew__hover_enabled=&#8221;on|desktop&#8221; transform_origin__hover_enabled=&#8221;on|desktop&#8221; transform_scale__hover=&#8221;105%|105%&#8221;][\/et_pb_image][\/et_pb_column][\/et_pb_row][\/et_pb_section][et_pb_section fb_built=&#8221;1&#8243; _builder_version=&#8221;4.16&#8243; background_enable_color=&#8221;off&#8221; use_background_color_gradient=&#8221;on&#8221; background_color_gradient_direction=&#8221;360deg&#8221; background_color_gradient_stops=&#8221;#EDAC71 0%|rgba(0,0,0,0) 39%&#8221; background_color_gradient_start=&#8221;#EDAC71&#8243; background_color_gradient_end=&#8221;rgba(0,0,0,0)&#8221; background_color_gradient_end_position=&#8221;39%&#8221; custom_margin=&#8221;||0px||false|false&#8221; custom_padding=&#8221;0px||0px||false|false&#8221; locked=&#8221;off&#8221; global_colors_info=&#8221;{}&#8221;][et_pb_row _builder_version=&#8221;4.16&#8243; global_colors_info=&#8221;{}&#8221;][et_pb_column type=&#8221;4_4&#8243; _builder_version=&#8221;4.16&#8243; global_colors_info=&#8221;{}&#8221;][et_pb_image src=&#8221;http:\/\/www.ourancient.eu\/wp-content\/uploads\/2020\/03\/MuinainenSarsa_aurinko.png&#8221; _builder_version=&#8221;4.16&#8243; width=&#8221;14%&#8221; module_alignment=&#8221;center&#8221; max_height=&#8221;1000px&#8221; custom_margin=&#8221;0px|0px|0px|0px|false|false&#8221; custom_padding=&#8221;0px|0px|0px|0px|false|false&#8221; global_colors_info=&#8221;{}&#8221;][\/et_pb_image][\/et_pb_column][\/et_pb_row][\/et_pb_section]<\/p>\n","protected":false},"excerpt":{"rendered":"<p>YhteystiedotLis\u00e4tietoja &#8220;Muinaisesta Sarsasta&#8221;Kangasalan matkailuneuvonta:p. 050 315 2854info@visitkangasala.fi W\u00e4\u00e4ksyn kartano:p.: 0500 634 848sonja.danielsson@waaksynkartano.fi Business Kangasala:p. 044 481 1140senni.jalonen@businesskangasala.fi Muinainen Sarsa &#8211; Paikallishistoriaa tutuksi paikkatietoa kehitt\u00e4m\u00e4ll\u00e4p.050 564 4777heikki.maenpaa@harjulaproduction.com &nbsp;<\/p>\n","protected":false},"author":1,"featured_media":0,"parent":0,"menu_order":0,"comment_status":"closed","ping_status":"closed","template":"","meta":{"_et_pb_use_builder":"on","_et_pb_old_content":"","_et_gb_content_width":"","footnotes":""},"class_list":["post-31","page","type-page","status-publish","hentry"],"_links":{"self":[{"href":"https:\/\/ourancient.eu\/index.php?rest_route=\/wp\/v2\/pages\/31","targetHints":{"allow":["GET"]}}],"collection":[{"href":"https:\/\/ourancient.eu\/index.php?rest_route=\/wp\/v2\/pages"}],"about":[{"href":"https:\/\/ourancient.eu\/index.php?rest_route=\/wp\/v2\/types\/page"}],"author":[{"embeddable":true,"href":"https:\/\/ourancient.eu\/index.php?rest_route=\/wp\/v2\/users\/1"}],"replies":[{"embeddable":true,"href":"https:\/\/ourancient.eu\/index.php?rest_route=%2Fwp%2Fv2%2Fcomments&post=31"}],"version-history":[{"count":19,"href":"https:\/\/ourancient.eu\/index.php?rest_route=\/wp\/v2\/pages\/31\/revisions"}],"predecessor-version":[{"id":927,"href":"https:\/\/ourancient.eu\/index.php?rest_route=\/wp\/v2\/pages\/31\/revisions\/927"}],"wp:attachment":[{"href":"https:\/\/ourancient.eu\/index.php?rest_route=%2Fwp%2Fv2%2Fmedia&parent=31"}],"curies":[{"name":"wp","href":"https:\/\/api.w.org\/{rel}","templated":true}]}}