{"id":408,"date":"2020-05-14T07:23:08","date_gmt":"2020-05-14T07:23:08","guid":{"rendered":"http:\/\/www.ourancient.eu\/?page_id=408"},"modified":"2020-07-03T07:38:34","modified_gmt":"2020-07-03T07:38:34","slug":"luolia-ja-lohikaarmeita","status":"publish","type":"page","link":"https:\/\/ourancient.eu\/?page_id=408","title":{"rendered":"Luolia ja lohik\u00e4\u00e4rmeit\u00e4"},"content":{"rendered":"<p>[et_pb_section fb_built=&#8221;1&#8243; custom_padding_last_edited=&#8221;on|phone&#8221; _builder_version=&#8221;4.0.4&#8243; background_color=&#8221;rgba(0,0,0,0)&#8221; use_background_color_gradient=&#8221;on&#8221; background_color_gradient_start=&#8221;#FFEBC1&#8243; background_color_gradient_end=&#8221;rgba(0,0,0,0)&#8221; background_color_gradient_direction=&#8221;183deg&#8221; background_color_gradient_end_position=&#8221;69%&#8221; background_color_gradient_overlays_image=&#8221;on&#8221; background_image=&#8221;http:\/\/www.ourancient.eu\/wp-content\/uploads\/2020\/05\/Muinaisen-Sarsan-Salaisuudet-ilmeen-luonnoskuvat_edit.jpg&#8221; height=&#8221;756px&#8221; height_tablet=&#8221;&#8221; height_phone=&#8221;249px&#8221; height_last_edited=&#8221;on|phone&#8221; custom_margin=&#8221;0px||||false|false&#8221; custom_padding=&#8221;178px||0px||false|false&#8221; custom_padding_tablet=&#8221;0px||86px||false|false&#8221; custom_padding_phone=&#8221;0px||||false|false&#8221; filter_saturate=&#8221;110%&#8221; bottom_divider_style=&#8221;ramp2&#8243; bottom_divider_color=&#8221;#ffffff&#8221; bottom_divider_height=&#8221;218px&#8221; bottom_divider_height_tablet=&#8221;&#8221; bottom_divider_height_phone=&#8221;135px&#8221; bottom_divider_height_last_edited=&#8221;on|phone&#8221; locked=&#8221;off&#8221;][et_pb_row _builder_version=&#8221;4.0.4&#8243; custom_margin=&#8221;-1px||||false|false&#8221; custom_margin_tablet=&#8221;&#8221; custom_margin_phone=&#8221;-15px||||false|false&#8221; custom_margin_last_edited=&#8221;on|phone&#8221;][et_pb_column type=&#8221;4_4&#8243; _builder_version=&#8221;4.0.4&#8243;][et_pb_text _builder_version=&#8221;4.0.4&#8243; text_font=&#8221;Snell Roundhand||||||||&#8221; text_text_color=&#8221;#ffffff&#8221; text_font_size=&#8221;73px&#8221; text_letter_spacing=&#8221;10px&#8221; header_font=&#8221;Snell Roundhand||||||||&#8221; header_text_color=&#8221;#FFFFFF&#8221; header_font_size=&#8221;94px&#8221; custom_margin=&#8221;19px||||false|false&#8221; custom_margin_tablet=&#8221;0px||||false|false&#8221; custom_margin_phone=&#8221;20px||||false|false&#8221; custom_margin_last_edited=&#8221;on|tablet&#8221; text_font_size_tablet=&#8221;&#8221; text_font_size_phone=&#8221;66px&#8221; text_font_size_last_edited=&#8221;on|phone&#8221; header_font_size_tablet=&#8221;85px&#8221; header_font_size_phone=&#8221;50px&#8221; header_font_size_last_edited=&#8221;on|phone&#8221; header_letter_spacing_tablet=&#8221;&#8221; header_letter_spacing_phone=&#8221;4px&#8221; header_letter_spacing_last_edited=&#8221;on|phone&#8221; header_line_height_tablet=&#8221;0.9em&#8221; header_line_height_phone=&#8221;0.8em&#8221; header_line_height_last_edited=&#8221;on|phone&#8221; text_text_shadow_style=&#8221;preset3&#8243; text_text_shadow_color=&#8221;rgba(0,0,0,0.66)&#8221; header_text_shadow_style=&#8221;preset2&#8243; header_text_shadow_horizontal_length=&#8221;0.04em&#8221; header_text_shadow_vertical_length=&#8221;0.04em&#8221; header_text_shadow_color=&#8221;rgba(0,0,0,0.87)&#8221; header_text_shadow_blur_strength_tablet=&#8221;0.08em&#8221; header_text_shadow_blur_strength_phone=&#8221;0.08em&#8221; header_text_shadow_blur_strength_last_edited=&#8221;on|phone&#8221;]<\/p>\n<h1 style=\"text-align: center;\">Luolia ja Lohik\u00e4\u00e4rmeit\u00e4<\/h1>\n<p>[\/et_pb_text][\/et_pb_column][\/et_pb_row][\/et_pb_section][et_pb_section fb_built=&#8221;1&#8243; custom_padding_last_edited=&#8221;on|phone&#8221; _builder_version=&#8221;4.0.4&#8243; max_height=&#8221;436px&#8221; max_height_tablet=&#8221;&#8221; max_height_phone=&#8221;552px&#8221; max_height_last_edited=&#8221;on|phone&#8221; custom_margin=&#8221;24px||0px||false|false&#8221; custom_margin_tablet=&#8221;-1px||-104px||false|false&#8221; custom_margin_phone=&#8221;0px||0px||false|false&#8221; custom_margin_last_edited=&#8221;on|phone&#8221; custom_padding_tablet=&#8221;&#8221; custom_padding_phone=&#8221;&#8221; bottom_divider_style=&#8221;ramp2&#8243; bottom_divider_color=&#8221;#EDAC71&#8243; bottom_divider_flip=&#8221;horizontal&#8221; locked=&#8221;off&#8221; custom_padding=&#8221;35px||30px|||&#8221;][et_pb_row _builder_version=&#8221;4.0.4&#8243; custom_margin=&#8221;-1px||||false|false&#8221; custom_margin_tablet=&#8221;-37px||||false|false&#8221; custom_margin_phone=&#8221;&#8221; custom_margin_last_edited=&#8221;on|tablet&#8221;][et_pb_column type=&#8221;4_4&#8243; _builder_version=&#8221;4.0.4&#8243;][et_pb_text _builder_version=&#8221;4.0.4&#8243; text_font=&#8221;Snell Roundhand||||||||&#8221; text_text_color=&#8221;#474747&#8243; text_font_size=&#8221;79px&#8221; header_text_color=&#8221;#474747&#8243; transform_skew=&#8221;-9deg|0deg&#8221; transform_skew_linked=&#8221;off&#8221; custom_margin=&#8221;|||-87px|false|false&#8221; custom_margin_tablet=&#8221;|||0px|false|false&#8221; custom_margin_phone=&#8221;|||0px|false|false&#8221; custom_margin_last_edited=&#8221;on|phone&#8221; text_font_size_tablet=&#8221;67px&#8221; text_font_size_phone=&#8221;47px&#8221; text_font_size_last_edited=&#8221;on|phone&#8221; text_line_height_tablet=&#8221;0.9em&#8221; text_line_height_phone=&#8221;0.9em&#8221; text_line_height_last_edited=&#8221;on|phone&#8221;]<\/p>\n<p>Mik\u00e4 &#8220;Luolia ja Lohik\u00e4\u00e4rmeit\u00e4&#8221;?<\/p>\n<p>[\/et_pb_text][\/et_pb_column][\/et_pb_row][et_pb_row _builder_version=&#8221;4.0.4&#8243;][et_pb_column type=&#8221;4_4&#8243; _builder_version=&#8221;4.0.4&#8243;][et_pb_text _builder_version=&#8221;4.0.4&#8243; text_font=&#8221;Arial||on||||||&#8221; text_text_color=&#8221;#000000&#8243; text_font_size=&#8221;17px&#8221; max_width=&#8221;89%&#8221; custom_margin=&#8221;0px|-100px|0px|160px|false|false&#8221; custom_margin_tablet=&#8221;-25px|0px||59px|false|false&#8221; custom_margin_phone=&#8221;-20px|-1px||20px|false|false&#8221; custom_margin_last_edited=&#8221;on|phone&#8221; custom_padding=&#8221;|||0px||&#8221; text_font_size_tablet=&#8221;14px&#8221; text_font_size_phone=&#8221;13px&#8221; text_font_size_last_edited=&#8221;on|phone&#8221;]<\/p>\n<p><span>Onko haaveenasi ollut seikkailla mystisess\u00e4 Sarsassa? T\u00e4m\u00e4n p\u00f6yt\u00e4roolipelin avulla se on mahdollista! Kev\u00e4\u00e4n 2020 aikana Harjula TOP -tiimi on luonut Muinaisen Sarsan salaisuudet -pelin, jonka s\u00e4\u00e4nn\u00f6t pohjautuvat Dungeons&amp;Dragons 5 editioniin. Jos p\u00f6yt\u00e4roolipelit eiv\u00e4t ole tuttu aihe, kannattaa katsoa tekem\u00e4mme infovideo alempaa. T\u00e4lt\u00e4 sivulta l\u00f6yd\u00e4t lis\u00e4ksi videon Kangasala-talolla j\u00e4rjestetyst\u00e4 demopelist\u00e4 sek\u00e4 materiaalia pelata tarina yhdess\u00e4 kavereidesi kanssa. Kohti seikkailua!<\/span><\/p>\n<p>[\/et_pb_text][\/et_pb_column][\/et_pb_row][\/et_pb_section][et_pb_section fb_built=&#8221;1&#8243; _builder_version=&#8221;4.4.9&#8243; background_color=&#8221;#edac71&#8243; hover_enabled=&#8221;0&#8243; custom_padding=&#8221;25px||32px|||&#8221;][et_pb_row _builder_version=&#8221;4.4.9&#8243;][et_pb_column _builder_version=&#8221;4.4.9&#8243; type=&#8221;4_4&#8243;][et_pb_text _builder_version=&#8221;4.4.8&#8243; text_font=&#8221;Snell Roundhand||||||||&#8221; text_text_color=&#8221;#242424&#8243; text_font_size=&#8221;50px&#8221; text_letter_spacing=&#8221;1px&#8221; text_line_height=&#8221;0.2em&#8221; header_font=&#8221;Snell Roundhand||||||||&#8221; header_font_size=&#8221;50px&#8221; header_line_height=&#8221;0.8em&#8221; transform_scale_linked=&#8221;off&#8221; transform_skew_linked=&#8221;off&#8221; custom_margin=&#8221;1px|-50px||-50px|false|false&#8221; custom_margin_tablet=&#8221;23px||5px|-50px|false|false&#8221; custom_margin_phone=&#8221;20px|0px|10px|0px|false|false&#8221; custom_margin_last_edited=&#8221;on|phone&#8221; text_font_size_phone=&#8221;50px&#8221; text_font_size_last_edited=&#8221;off|phone&#8221; header_font_size_tablet=&#8221;&#8221; header_font_size_phone=&#8221;36px&#8221; header_font_size_last_edited=&#8221;on|phone&#8221; text_text_shadow_style=&#8221;preset1&#8243; text_text_shadow_horizontal_length=&#8221;0.06em&#8221; text_text_shadow_vertical_length=&#8221;0.04em&#8221; locked=&#8221;off&#8221;]<\/p>\n<h1 class=\"text-viewer text-viewer-h1\" style=\"text-align: center;\">Luolia ja lohik\u00e4\u00e4rmeit\u00e4:<\/h1>\n<h1 class=\"text-viewer text-viewer-h1\" style=\"text-align: center;\">Muinaisen Sarsan salaisuudet traileri<\/h1>\n<p>[\/et_pb_text][et_pb_video src=&#8221;http:\/\/www.ourancient.eu\/wp-content\/uploads\/2020\/06\/DNDtraileri.mp4&#8243; _builder_version=&#8221;4.4.8&#8243; locked=&#8221;off&#8221;][\/et_pb_video][\/et_pb_column][\/et_pb_row][\/et_pb_section][et_pb_section fb_built=&#8221;1&#8243; _builder_version=&#8221;4.0.4&#8243; background_color=&#8221;#EDAC71&#8243; height=&#8221;477px&#8221; height_tablet=&#8221;&#8221; height_phone=&#8221;633px&#8221; height_last_edited=&#8221;on|phone&#8221; custom_margin=&#8221;0px||||false|false&#8221; custom_margin_tablet=&#8221;||-95px||false|false&#8221; custom_margin_phone=&#8221;0px|0px|0px|0px|false|false&#8221; custom_margin_last_edited=&#8221;on|phone&#8221; custom_padding=&#8221;0px|0px|0px|0px|false|false&#8221; top_divider_height=&#8221;117px&#8221; locked=&#8221;off&#8221;][et_pb_row _builder_version=&#8221;4.0.4&#8243; custom_margin=&#8221;0px||0px||false|false&#8221;][et_pb_column type=&#8221;4_4&#8243; _builder_version=&#8221;4.0.4&#8243;][et_pb_text content_tablet=&#8221;<\/p>\n<p class=%22text-viewer text-viewer-h1%22 style=%22text-align: center;%22>Luolia ja Lohik\u00e4\u00e4rmeit\u00e4 Muinaisen Sarsan salaisuudet p\u00f6yt\u00e4roolipeli<\/p>\n<p>&#8221; content_phone=&#8221;<\/p>\n<p class=%22text-viewer text-viewer-h1%22 style=%22text-align: center;%22>Luolia ja Lohik\u00e4\u00e4rmeit\u00e4 Muinaisen Sarsan salaisuudet p\u00f6yt\u00e4roolipeli<\/p>\n<p>&#8221; content_last_edited=&#8221;on|desktop&#8221; _builder_version=&#8221;4.0.4&#8243; text_font=&#8221;Snell Roundhand||||||||&#8221; text_text_color=&#8221;#242424&#8243; text_font_size=&#8221;50px&#8221; text_letter_spacing=&#8221;1px&#8221; text_line_height=&#8221;0em&#8221; header_font_size=&#8221;14px&#8221; header_line_height=&#8221;1.8em&#8221; transform_scale_linked=&#8221;off&#8221; transform_skew_linked=&#8221;off&#8221; custom_margin=&#8221;|-50px||-50px|false|false&#8221; custom_margin_tablet=&#8221;&#8221; custom_margin_phone=&#8221;|0px|-15px|0px|false|false&#8221; custom_margin_last_edited=&#8221;on|phone&#8221; custom_padding=&#8221;||0px||false|false&#8221; text_font_size_tablet=&#8221;45px&#8221; text_font_size_phone=&#8221;27px&#8221; text_font_size_last_edited=&#8221;on|phone&#8221; text_line_height_tablet=&#8221;0.8em&#8221; text_line_height_phone=&#8221;1em&#8221; text_line_height_last_edited=&#8221;on|desktop&#8221; text_text_shadow_style=&#8221;preset1&#8243; text_text_shadow_horizontal_length=&#8221;0.06em&#8221; text_text_shadow_vertical_length=&#8221;0.04em&#8221;]<\/p>\n<p class=\"text-viewer text-viewer-h1\" style=\"text-align: center;\">Luolia ja Lohik\u00e4\u00e4rmeit\u00e4<\/p>\n<p class=\"text-viewer text-viewer-h1\" style=\"text-align: center;\">Muinaisen Sarsan salaisuudet -videot<\/p>\n<p>[\/et_pb_text][\/et_pb_column][\/et_pb_row][et_pb_row column_structure=&#8221;1_2,1_2&#8243; _builder_version=&#8221;4.0.4&#8243;][et_pb_column type=&#8221;1_2&#8243; _builder_version=&#8221;4.0.4&#8243;][et_pb_code _builder_version=&#8221;4.0.4&#8243;]<iframe loading=\"lazy\" width=\"560\" height=\"315\" src=\"https:\/\/www.youtube.com\/embed\/LmKRND9qdYM\" frameborder=\"0\" allow=\"accelerometer; autoplay; encrypted-media; gyroscope; picture-in-picture\" allowfullscreen><\/iframe>[\/et_pb_code][\/et_pb_column][et_pb_column type=&#8221;1_2&#8243; _builder_version=&#8221;4.0.4&#8243;][et_pb_code _builder_version=&#8221;4.0.4&#8243;]<iframe loading=\"lazy\" width=\"560\" height=\"315\" src=\"https:\/\/www.youtube.com\/embed\/heIfdZZY8N0\" frameborder=\"0\" allow=\"accelerometer; autoplay; encrypted-media; gyroscope; picture-in-picture\" allowfullscreen><\/iframe>[\/et_pb_code][\/et_pb_column][\/et_pb_row][\/et_pb_section][et_pb_section fb_built=&#8221;1&#8243; prev_background_color=&#8221;#EDAC71&#8243; disabled_on=&#8221;off|off|off&#8221; _builder_version=&#8221;4.0.4&#8243; max_height=&#8221;383px&#8221; max_height_tablet=&#8221;&#8221; max_height_phone=&#8221;&#8221; max_height_last_edited=&#8221;on|phone&#8221; custom_margin=&#8221;0px|0px|0px|0px|false|false&#8221; custom_padding=&#8221;0px|0px|0px|0px|false|false&#8221; top_divider_style=&#8221;ramp2&#8243; top_divider_height=&#8221;68px&#8221; locked=&#8221;off&#8221; custom_css_main_element_last_edited=&#8221;on|phone&#8221;][et_pb_row _builder_version=&#8221;4.0.4&#8243;][et_pb_column type=&#8221;4_4&#8243; _builder_version=&#8221;4.0.4&#8243;][et_pb_text content_tablet=&#8221;<\/p>\n<p class=%22text-viewer text-viewer-h1%22 style=%22text-align: center;%22>Luolia ja Lohik\u00e4\u00e4rmeit\u00e4 Muinaisen Sarsan salaisuudet p\u00f6yt\u00e4roolipeli<\/p>\n<p>&#8221; content_phone=&#8221;<\/p>\n<p class=%22text-viewer text-viewer-h1%22 style=%22text-align: center;%22>Luolia ja Lohik\u00e4\u00e4rmeit\u00e4 Muinaisen Sarsan salaisuudet p\u00f6yt\u00e4roolipeli<\/p>\n<p>&#8221; content_last_edited=&#8221;off|phone&#8221; _builder_version=&#8221;4.0.4&#8243; text_font=&#8221;Snell Roundhand||||||||&#8221; text_text_color=&#8221;#242424&#8243; text_font_size=&#8221;50px&#8221; text_letter_spacing=&#8221;1px&#8221; text_line_height=&#8221;0em&#8221; header_font_size=&#8221;31px&#8221; header_line_height=&#8221;1.8em&#8221; transform_scale_linked=&#8221;off&#8221; transform_skew_linked=&#8221;off&#8221; custom_margin=&#8221;|0px|40px|0px|false|false&#8221; custom_margin_tablet=&#8221;&#8221; custom_margin_phone=&#8221;|0px||0px|false|false&#8221; custom_margin_last_edited=&#8221;on|phone&#8221; text_font_size_tablet=&#8221;45px&#8221; text_font_size_phone=&#8221;27px&#8221; text_font_size_last_edited=&#8221;on|phone&#8221; text_line_height_tablet=&#8221;0.8em&#8221; text_line_height_phone=&#8221;1.1em&#8221; text_line_height_last_edited=&#8221;on|desktop&#8221; text_text_shadow_style=&#8221;preset1&#8243; text_text_shadow_horizontal_length=&#8221;0.06em&#8221; text_text_shadow_vertical_length=&#8221;0.04em&#8221;]<\/p>\n<p class=\"text-viewer text-viewer-h1\" style=\"text-align: center;\">Latauslinkit<\/p>\n<p>[\/et_pb_text][et_pb_text _builder_version=&#8221;4.0.4&#8243; text_font=&#8221;Arial||on||||||&#8221; text_text_color=&#8221;#000000&#8243; text_font_size=&#8221;17px&#8221; max_width=&#8221;72%&#8221; module_alignment=&#8221;center&#8221; custom_margin=&#8221;|0px||0px|false|false&#8221; custom_margin_tablet=&#8221;-25px|0px||59px|false|false&#8221; custom_margin_phone=&#8221;-20px|-1px||20px|false|false&#8221; custom_margin_last_edited=&#8221;on|phone&#8221; custom_padding=&#8221;|||0px||&#8221; text_font_size_tablet=&#8221;14px&#8221; text_font_size_phone=&#8221;13px&#8221; text_font_size_last_edited=&#8221;on|phone&#8221;]<\/p>\n<p style=\"text-align: center;\"><span>Alla olevista linkeist\u00e4 voi ladata materiaalit, joilla voit pelata Muinaisen Sarsan salaisuudet -pelin kavereittesi kanssa. Muista my\u00f6s ladata valmishahmojen hahmolomakkeet pelin lis\u00e4ksi.<\/span><\/p>\n<p>[\/et_pb_text][\/et_pb_column][\/et_pb_row][et_pb_row column_structure=&#8221;1_2,1_2&#8243; _builder_version=&#8221;4.0.4&#8243; width=&#8221;100%&#8221; max_width=&#8221;1197px&#8221; module_alignment=&#8221;center&#8221; max_height=&#8221;1000px&#8221; custom_margin=&#8221;0px||0px|0px|false|false&#8221; custom_padding=&#8221;0px|0px|0px|0px|false|false&#8221; custom_css_main_element=&#8221;display: flex;&#8221; custom_css_main_element_last_edited=&#8221;off|phone&#8221; custom_css_main_element_phone=&#8221;display: flex;&#8221;][et_pb_column type=&#8221;1_2&#8243; _builder_version=&#8221;4.0.4&#8243;][et_pb_image src=&#8221;http:\/\/www.ourancient.eu\/wp-content\/uploads\/2020\/05\/Valmispeli-ohjeistus_nappi-scaled.jpg&#8221; url=&#8221;http:\/\/www.ourancient.eu\/wp-content\/uploads\/2020\/05\/Muinaisen_Sarsan_Salaisuudet_LL_yksi_sivu.pdf&#8221; url_new_window=&#8221;on&#8221; _builder_version=&#8221;4.0.4&#8243; width=&#8221;100%&#8221; width_tablet=&#8221;50%&#8221; width_phone=&#8221;77%&#8221; width_last_edited=&#8221;on|desktop&#8221; max_width=&#8221;67%&#8221; module_alignment=&#8221;right&#8221; min_height=&#8221;100px&#8221; max_height=&#8221;789px&#8221; custom_margin=&#8221;||0px||false|false&#8221; custom_margin_tablet=&#8221;||26px||false|false&#8221; custom_margin_phone=&#8221;||25px||false|false&#8221; custom_margin_last_edited=&#8221;on|desktop&#8221; animation_style=&#8221;slide&#8221; animation_direction=&#8221;top&#8221; animation_duration=&#8221;450ms&#8221; animation_delay=&#8221;400ms&#8221; animation_intensity_slide=&#8221;8%&#8221; animation_speed_curve=&#8221;ease&#8221; module_alignment_tablet=&#8221;center&#8221; module_alignment_phone=&#8221;center&#8221; module_alignment_last_edited=&#8221;on|phone&#8221; box_shadow_style=&#8221;preset4&#8243; box_shadow_horizontal=&#8221;9px&#8221; box_shadow_vertical=&#8221;9px&#8221; box_shadow_color=&#8221;rgba(237,172,113,0.52)&#8221; box_shadow_color_last_edited=&#8221;off|desktop&#8221; transform_styles__hover_enabled=&#8221;on|hover&#8221; transform_scale__hover_enabled=&#8221;on|hover&#8221; transform_translate__hover_enabled=&#8221;on|hover&#8221; transform_rotate__hover_enabled=&#8221;on|desktop&#8221; transform_skew__hover_enabled=&#8221;on|desktop&#8221; transform_origin__hover_enabled=&#8221;on|desktop&#8221; box_shadow_vertical__hover_enabled=&#8221;on|hover&#8221; box_shadow_vertical__hover=&#8221;13px&#8221; box_shadow_horizontal__hover_enabled=&#8221;on|hover&#8221; box_shadow_horizontal__hover=&#8221;13px&#8221; transform_translate__hover=&#8221;-5px|-5px&#8221; box_shadow_color__hover_enabled=&#8221;on|hover&#8221; box_shadow_color__hover=&#8221;#EDAC71&#8243; filter_sepia__hover_enabled=&#8221;off|desktop&#8221; filter_sepia__hover=&#8221;0%&#8221;][\/et_pb_image][\/et_pb_column][et_pb_column type=&#8221;1_2&#8243; _builder_version=&#8221;4.0.4&#8243;][et_pb_image src=&#8221;http:\/\/www.ourancient.eu\/wp-content\/uploads\/2020\/05\/Hahmolomakkeet_nappi-scaled.jpg&#8221; url=&#8221;http:\/\/www.ourancient.eu\/wp-content\/uploads\/2020\/05\/Hahmolomakkeet_kaikki_samassa.pdf&#8221; url_new_window=&#8221;on&#8221; _builder_version=&#8221;4.0.4&#8243; width=&#8221;100%&#8221; width_tablet=&#8221;50%&#8221; width_phone=&#8221;77%&#8221; width_last_edited=&#8221;on|phone&#8221; max_width=&#8221;67%&#8221; module_alignment=&#8221;left&#8221; min_height=&#8221;100px&#8221; max_height=&#8221;1000px&#8221; custom_margin=&#8221;||-1px||false|false&#8221; custom_margin_tablet=&#8221;||26px||false|false&#8221; custom_margin_phone=&#8221;||25px||false|false&#8221; custom_margin_last_edited=&#8221;on|phone&#8221; animation_style=&#8221;slide&#8221; animation_direction=&#8221;top&#8221; animation_duration=&#8221;450ms&#8221; animation_delay=&#8221;200ms&#8221; animation_intensity_slide=&#8221;8%&#8221; animation_speed_curve=&#8221;ease&#8221; module_alignment_tablet=&#8221;center&#8221; module_alignment_phone=&#8221;center&#8221; module_alignment_last_edited=&#8221;on|phone&#8221; filter_sepia_last_edited=&#8221;off|desktop&#8221; box_shadow_style=&#8221;preset4&#8243; box_shadow_horizontal=&#8221;9px&#8221; box_shadow_vertical=&#8221;9px&#8221; box_shadow_color=&#8221;rgba(237,172,113,0.52)&#8221; box_shadow_color_last_edited=&#8221;off|desktop&#8221; transform_styles__hover_enabled=&#8221;on|hover&#8221; transform_scale__hover_enabled=&#8221;on|hover&#8221; transform_translate__hover_enabled=&#8221;on|hover&#8221; transform_rotate__hover_enabled=&#8221;on|desktop&#8221; transform_skew__hover_enabled=&#8221;on|desktop&#8221; transform_origin__hover_enabled=&#8221;on|desktop&#8221; box_shadow_vertical__hover_enabled=&#8221;on|hover&#8221; box_shadow_vertical__hover=&#8221;13px&#8221; box_shadow_horizontal__hover_enabled=&#8221;on|hover&#8221; box_shadow_horizontal__hover=&#8221;13px&#8221; transform_translate__hover=&#8221;-5px|-5px&#8221; box_shadow_color__hover_enabled=&#8221;on|hover&#8221; box_shadow_color__hover=&#8221;#EDAC71&#8243; filter_sepia__hover_enabled=&#8221;on|hover&#8221; filter_sepia__hover=&#8221;0%&#8221;][\/et_pb_image][\/et_pb_column][\/et_pb_row][\/et_pb_section][et_pb_section fb_built=&#8221;1&#8243; _builder_version=&#8221;4.0.4&#8243; background_enable_color=&#8221;off&#8221; use_background_color_gradient=&#8221;on&#8221; background_color_gradient_start=&#8221;#EDAC71&#8243; background_color_gradient_end=&#8221;rgba(0,0,0,0)&#8221; background_color_gradient_direction=&#8221;360deg&#8221; background_color_gradient_end_position=&#8221;39%&#8221; custom_margin=&#8221;23px||0px||false|false&#8221; custom_padding=&#8221;0px||0px||false|false&#8221; locked=&#8221;off&#8221;][et_pb_row _builder_version=&#8221;4.0.4&#8243;][et_pb_column type=&#8221;4_4&#8243; _builder_version=&#8221;4.0.4&#8243;][et_pb_image src=&#8221;http:\/\/www.ourancient.eu\/wp-content\/uploads\/2020\/03\/MuinainenSarsa_aurinko.png&#8221; _builder_version=&#8221;4.0.4&#8243; width=&#8221;14%&#8221; module_alignment=&#8221;center&#8221; max_height=&#8221;1000px&#8221; custom_margin=&#8221;0px|0px|0px|0px|false|false&#8221; custom_padding=&#8221;0px|0px|0px|0px|false|false&#8221;][\/et_pb_image][\/et_pb_column][\/et_pb_row][\/et_pb_section]<\/p>\n","protected":false},"excerpt":{"rendered":"<p>Luolia ja Lohik\u00e4\u00e4rmeit\u00e4Mik\u00e4 &#8220;Luolia ja Lohik\u00e4\u00e4rmeit\u00e4&#8221;?Onko haaveenasi ollut seikkailla mystisess\u00e4 Sarsassa? T\u00e4m\u00e4n p\u00f6yt\u00e4roolipelin avulla se on mahdollista! Kev\u00e4\u00e4n 2020 aikana Harjula TOP -tiimi on luonut Muinaisen Sarsan salaisuudet -pelin, jonka s\u00e4\u00e4nn\u00f6t pohjautuvat Dungeons&amp;Dragons 5 editioniin. Jos p\u00f6yt\u00e4roolipelit eiv\u00e4t ole tuttu aihe, kannattaa katsoa tekem\u00e4mme infovideo alempaa. T\u00e4lt\u00e4 sivulta l\u00f6yd\u00e4t lis\u00e4ksi videon Kangasala-talolla j\u00e4rjestetyst\u00e4 demopelist\u00e4 sek\u00e4 [&hellip;]<\/p>\n","protected":false},"author":2,"featured_media":0,"parent":29,"menu_order":0,"comment_status":"closed","ping_status":"closed","template":"","meta":{"_et_pb_use_builder":"on","_et_pb_old_content":"","_et_gb_content_width":"","footnotes":""},"class_list":["post-408","page","type-page","status-publish","hentry"],"_links":{"self":[{"href":"https:\/\/ourancient.eu\/index.php?rest_route=\/wp\/v2\/pages\/408","targetHints":{"allow":["GET"]}}],"collection":[{"href":"https:\/\/ourancient.eu\/index.php?rest_route=\/wp\/v2\/pages"}],"about":[{"href":"https:\/\/ourancient.eu\/index.php?rest_route=\/wp\/v2\/types\/page"}],"author":[{"embeddable":true,"href":"https:\/\/ourancient.eu\/index.php?rest_route=\/wp\/v2\/users\/2"}],"replies":[{"embeddable":true,"href":"https:\/\/ourancient.eu\/index.php?rest_route=%2Fwp%2Fv2%2Fcomments&post=408"}],"version-history":[{"count":19,"href":"https:\/\/ourancient.eu\/index.php?rest_route=\/wp\/v2\/pages\/408\/revisions"}],"predecessor-version":[{"id":694,"href":"https:\/\/ourancient.eu\/index.php?rest_route=\/wp\/v2\/pages\/408\/revisions\/694"}],"up":[{"embeddable":true,"href":"https:\/\/ourancient.eu\/index.php?rest_route=\/wp\/v2\/pages\/29"}],"wp:attachment":[{"href":"https:\/\/ourancient.eu\/index.php?rest_route=%2Fwp%2Fv2%2Fmedia&parent=408"}],"curies":[{"name":"wp","href":"https:\/\/api.w.org\/{rel}","templated":true}]}}