{"id":520,"date":"2020-05-28T07:46:13","date_gmt":"2020-05-28T07:46:13","guid":{"rendered":"http:\/\/www.ourancient.eu\/?page_id=520"},"modified":"2020-05-28T08:13:17","modified_gmt":"2020-05-28T08:13:17","slug":"loytoretki-muinaiseen-sarsaan","status":"publish","type":"page","link":"https:\/\/ourancient.eu\/?page_id=520","title":{"rendered":"L\u00f6yt\u00f6retki &#8220;Muinaiseen Sarsaan&#8221;"},"content":{"rendered":"<p>[et_pb_section fb_built=&#8221;1&#8243; custom_padding_last_edited=&#8221;on|phone&#8221; _builder_version=&#8221;4.4.7&#8243; background_color=&#8221;rgba(0,0,0,0)&#8221; use_background_color_gradient=&#8221;on&#8221; background_color_gradient_start=&#8221;#FFEBC1&#8243; background_color_gradient_end=&#8221;rgba(0,0,0,0)&#8221; background_color_gradient_direction=&#8221;183deg&#8221; background_color_gradient_end_position=&#8221;69%&#8221; background_color_gradient_overlays_image=&#8221;on&#8221; background_image=&#8221;http:\/\/www.ourancient.eu\/wp-content\/uploads\/2020\/03\/Muinaisen-Sarsan-Salaisuudet-ilmeen-luonnoskuvat-.003.jpeg&#8221; height=&#8221;416px&#8221; height_tablet=&#8221;223px&#8221; height_phone=&#8221;175px&#8221; height_last_edited=&#8221;on|phone&#8221; custom_margin=&#8221;0px||||false|false&#8221; custom_padding=&#8221;178px||0px||false|false&#8221; custom_padding_tablet=&#8221;0px||86px||false|false&#8221; custom_padding_phone=&#8221;0px||||false|false&#8221; filter_saturate=&#8221;110%&#8221; bottom_divider_style=&#8221;ramp2&#8243; bottom_divider_color=&#8221;#ffffff&#8221; bottom_divider_height=&#8221;218px&#8221; bottom_divider_height_tablet=&#8221;&#8221; bottom_divider_height_phone=&#8221;135px&#8221; bottom_divider_height_last_edited=&#8221;on|phone&#8221; hover_enabled=&#8221;0&#8243; locked=&#8221;off&#8221;][et_pb_row _builder_version=&#8221;4.0.4&#8243; custom_margin=&#8221;-1px||||false|false&#8221; custom_margin_tablet=&#8221;&#8221; custom_margin_phone=&#8221;-15px||||false|false&#8221; custom_margin_last_edited=&#8221;on|phone&#8221;][et_pb_column type=&#8221;4_4&#8243; _builder_version=&#8221;4.0.4&#8243;][et_pb_text _builder_version=&#8221;4.4.7&#8243; text_font=&#8221;Snell Roundhand||||||||&#8221; text_text_color=&#8221;#ffffff&#8221; text_font_size=&#8221;73px&#8221; text_letter_spacing=&#8221;10px&#8221; header_font=&#8221;Snell Roundhand||||||||&#8221; header_text_color=&#8221;#FFFFFF&#8221; header_font_size=&#8221;94px&#8221; custom_margin=&#8221;-170px||||false|false&#8221; hover_enabled=&#8221;0&#8243; text_font_size_tablet=&#8221;73px&#8221; text_font_size_phone=&#8221;&#8221; text_font_size_last_edited=&#8221;on|tablet&#8221; header_font_size_tablet=&#8221;85px&#8221; header_font_size_phone=&#8221;71px&#8221; header_font_size_last_edited=&#8221;on|phone&#8221; header_letter_spacing_tablet=&#8221;&#8221; header_letter_spacing_phone=&#8221;4px&#8221; header_letter_spacing_last_edited=&#8221;on|phone&#8221; header_line_height_tablet=&#8221;0.9em&#8221; header_line_height_phone=&#8221;0.8em&#8221; header_line_height_last_edited=&#8221;on|phone&#8221; text_text_shadow_style=&#8221;preset3&#8243; text_text_shadow_color=&#8221;rgba(0,0,0,0.66)&#8221; header_text_shadow_style=&#8221;preset2&#8243; header_text_shadow_horizontal_length=&#8221;0.04em&#8221; header_text_shadow_vertical_length=&#8221;0.04em&#8221; header_text_shadow_color=&#8221;rgba(0,0,0,0.87)&#8221; header_text_shadow_blur_strength_tablet=&#8221;0.08em&#8221; header_text_shadow_blur_strength_phone=&#8221;0.08em&#8221; header_text_shadow_blur_strength_last_edited=&#8221;on|phone&#8221;]<\/p>\n<h1 style=\"text-align: center;\">Historia<\/h1>\n<p>[\/et_pb_text][\/et_pb_column][\/et_pb_row][\/et_pb_section][et_pb_section fb_built=&#8221;1&#8243; _builder_version=&#8221;4.0.4&#8243; custom_margin=&#8221;0px||0px||false|false&#8221; locked=&#8221;off&#8221;][et_pb_row _builder_version=&#8221;4.0.4&#8243; custom_margin=&#8221;0px||||false|false&#8221; custom_margin_tablet=&#8221;-20px||||false|false&#8221; custom_margin_phone=&#8221;-66px||||false|false&#8221; custom_margin_last_edited=&#8221;on|phone&#8221;][et_pb_column type=&#8221;4_4&#8243; _builder_version=&#8221;4.0.4&#8243;][et_pb_text _builder_version=&#8221;4.4.7&#8243; text_font=&#8221;Snell Roundhand||||||||&#8221; text_text_color=&#8221;#474747&#8243; text_font_size=&#8221;79px&#8221; text_line_height=&#8221;0.9em&#8221; header_text_color=&#8221;#474747&#8243; transform_skew=&#8221;-9deg|0deg&#8221; transform_skew_linked=&#8221;off&#8221; custom_margin=&#8221;|||-87px|false|false&#8221; custom_margin_tablet=&#8221;0px|||0px|false|false&#8221; custom_margin_phone=&#8221;|||0px|false|false&#8221; custom_margin_last_edited=&#8221;on|phone&#8221; hover_enabled=&#8221;0&#8243; text_font_size_tablet=&#8221;53px&#8221; text_font_size_phone=&#8221;33px&#8221; text_font_size_last_edited=&#8221;on|phone&#8221; text_line_height_tablet=&#8221;0.9em&#8221; text_line_height_phone=&#8221;0.9em&#8221; text_line_height_last_edited=&#8221;on|phone&#8221; header_font_size_tablet=&#8221;26px&#8221; header_font_size_phone=&#8221;&#8221; header_font_size_last_edited=&#8221;on|tablet&#8221;]<\/p>\n<p>L\u00f6yt\u00f6retki &#8220;Muinaiseen Sarsaan&#8221;<\/p>\n<p>[\/et_pb_text][et_pb_text _builder_version=&#8221;4.0.4&#8243; text_font=&#8221;Arial||||||||&#8221; text_text_color=&#8221;#474747&#8243; text_font_size=&#8221;20px&#8221; header_text_color=&#8221;#474747&#8243; transform_skew=&#8221;-9deg|0deg&#8221; transform_skew_linked=&#8221;off&#8221; custom_margin=&#8221;|||-87px|false|false&#8221; custom_margin_tablet=&#8221;-23px|||0px|false|false&#8221; custom_margin_phone=&#8221;-14px||-8px|0px|false|false&#8221; custom_margin_last_edited=&#8221;on|phone&#8221; text_font_size_tablet=&#8221;17px&#8221; text_font_size_phone=&#8221;16px&#8221; text_font_size_last_edited=&#8221;on|phone&#8221; locked=&#8221;off&#8221;]<\/p>\n<p>Heikki M\u00e4enp\u00e4\u00e4<\/p>\n<p>[\/et_pb_text][\/et_pb_column][\/et_pb_row][et_pb_row _builder_version=&#8221;4.0.4&#8243; custom_margin=&#8221;-20px||||false|false&#8221; custom_margin_last_edited=&#8221;off|desktop&#8221;][et_pb_column type=&#8221;4_4&#8243; _builder_version=&#8221;4.0.4&#8243;][et_pb_text _builder_version=&#8221;4.4.7&#8243; text_font=&#8221;Arial||on||||||&#8221; text_text_color=&#8221;#000000&#8243; text_font_size=&#8221;17px&#8221; custom_margin=&#8221;|0px||0px|false|false&#8221; custom_margin_tablet=&#8221;-25px|0px||59px|false|false&#8221; custom_margin_phone=&#8221;-20px|-1px||20px|false|false&#8221; custom_margin_last_edited=&#8221;on|phone&#8221; custom_padding=&#8221;|||0px||&#8221; hover_enabled=&#8221;0&#8243; text_font_size_tablet=&#8221;14px&#8221; text_font_size_phone=&#8221;13px&#8221; text_font_size_last_edited=&#8221;on|phone&#8221;]<\/p>\n<p><span style=\"font-weight: 400;\">Sarsan muinaisj\u00e4\u00e4nn\u00f6salueesta hoidetaan noin 3 hehtaarin suuruista alaa,\u00a0\u00a0<\/span>joka on ollut aiemmin mets\u00e4- ja joutomaana. Vuonna 1971 Kangasala Seura kunnosti sinne kivikautisen kotalieden rekonstruktion. Alueen hoito aloitettiin vuonna 1992 alueen perusraivauksella. Kohteesta siivottiin t\u00e4ll\u00f6in my\u00f6s suuret m\u00e4\u00e4r\u00e4t talousj\u00e4tett\u00e4 ja roskaa. Hoitoa on jatkettu vuosittain ja tavoitteena on pit\u00e4\u00e4 alue siistin\u00e4 ja puistomaisena. Sarsassa on kaksi Museoviraston vuonna 1993 pystytt\u00e4m\u00e4\u00e4 opastaulua. Vuonna 1994 kohteelle laadittiin opaslehtinen ja maastoon merkittiin muinaisj\u00e4\u00e4nn\u00f6spolku.<\/p>\n<p><span style=\"font-weight: 400;\">Vuonna 2000 alue siirtyi Puuhalampi Oy:lt\u00e4 Suomen S\u00e4\u00e4ksi-S\u00e4\u00e4ti\u00f6n hallintaan, joka rakensi alueelle uuden n\u00e4yttely- ja kahvilarakennuksen. Vuonna 2017 Pirkanmaan maakuntamuseo laati p\u00e4ivitetyn hoitosuunnitelman Pohtiolampi ja Tiilitehdas asuipaikka-alueille. Kohteen k\u00e4yt\u00e4nn\u00f6n hoito siirtyi Adoptoi monumentti- sopimuksen kautta Kangasala Seura ryn koordinoimalle yhteisty\u00f6verkostolle.<\/span><\/p>\n<p><span style=\"font-weight: 400;\">Verkoston koordinaattorina toimii seuran j\u00e4sen Heikki M\u00e4enp\u00e4\u00e4. H\u00e4nen vet\u00e4m\u00e4ns\u00e4 tuotanto&#8211; ja ty\u00f6ryhm\u00e4t sek\u00e4 yhteisty\u00f6verkostot ovat valmistelleet Sarsan muinaismuistoalueen kehitt\u00e4mistoimenpiteit\u00e4 vuodesta 2016 l\u00e4htien. T\u00e4rke\u00e4n\u00e4 osana t\u00e4m\u00e4n toiminnan mahdollistumista ovat olleet Kangasalan kaupungin paikkatieto, elinkeinotoimi, kulttuuripalvelut sek\u00e4\u00a0 W\u00e4\u00e4ksyn kartano, Pohtiolammen toimijat sek\u00e4 Arkeologian harrastajat Sarsa ry.\u00a0\u00a0<\/span><\/p>\n<p><span style=\"font-weight: 400;\">Vuonna 2019 Kangasalan elinkeino- ja matkailuyhti\u00f6 Business Kangasala Oy toteutti yhteisty\u00f6ss\u00e4 Pirkanmaan liiton sek\u00e4 muiden yhteisty\u00f6tahojen kanssa \u201cMuinainen Sarsa-Paikallishistoriaa tutuksi paikkatietoa kehitt\u00e4m\u00e4ll\u00e4\u201d-hankkeen. Sen tuloksena syntyi monimuototeos \u201cMuinaisen Sarsan salaisuudet\u201d, jonka teemoina ovat Sarsan luonto, historia ja tulevaisuus.\u00a0 Kehittyv\u00e4\u00e4n tietoseikkailuun p\u00e4\u00e4see nyt uppoutumaan\u00a0 kotisohvalta tai paikan p\u00e4\u00e4ll\u00e4.<\/span><\/p>\n<p>&nbsp;<\/p>\n<p><a href=\"https:\/\/www.kyppi.fi\/esri\/broker.aspx?taulu=raportti.dbo.T_RAPORTTI&amp;tunnus=135510\"><b>M Koskimies &#8211; Muinaisen Sarsanuoman inventointi Inventointi 1971 <\/b><\/a><span style=\"font-weight: 400;\">\u00a0<\/span><\/p>\n<p><span style=\"font-weight: 400;\">(L\u00e4hde: kyppi.fi)<\/span><\/p>\n<p>[\/et_pb_text][\/et_pb_column][\/et_pb_row][et_pb_row _builder_version=&#8221;4.4.7&#8243; column_structure=&#8221;1_2,1_2&#8243; hover_enabled=&#8221;0&#8243;][et_pb_column _builder_version=&#8221;4.4.7&#8243; type=&#8221;1_2&#8243;][et_pb_text _builder_version=&#8221;4.4.7&#8243; hover_enabled=&#8221;0&#8243; text_font=&#8221;Arial||on||||||&#8221; text_text_color=&#8221;#000000&#8243; text_font_size=&#8221;16px&#8221; text_font_size_tablet=&#8221;14px&#8221; text_font_size_phone=&#8221;13px&#8221; text_font_size_last_edited=&#8221;on|phone&#8221; text_line_height=&#8221;0.8em&#8221; background_color=&#8221;rgba(237,172,113,0.25)&#8221; custom_padding=&#8221;20px|0px|20px|20px|true|false&#8221;]<\/p>\n<p><b>1.\u00a0<\/b> <a href=\"http:\/\/www.kyppi.fi\/to.aspx?id=129.129591\"> <b>NUORTO, LENTOLA 1<\/b><\/a><b> ,\u00a0<\/b><\/p>\n<p><b>2.\u00a0<\/b> <a href=\"http:\/\/www.kyppi.fi\/to.aspx?id=112.211010003\"> <b>HUUTIJ\u00c4RVI, AUTIO &#8211; LUNDEN<\/b><\/a><\/p>\n<p><b>3.\u00a0\u00a0<\/b> <a href=\"http:\/\/www.kyppi.fi\/to.aspx?id=129.127185\"><b> HUUTIJ\u00c4RVI, ELOMAA<\/b><\/a><\/p>\n<p><b>4.\u00a0<\/b> <b> V\u00c4\u00c4KSY, V\u00c4\u00c4KSYN MYLLY<\/b><\/p>\n<p><b>5.\u00a0<\/b><a href=\"http:\/\/www.kyppi.fi\/to.aspx?id=112.211010003\"><b>HUUTIJ\u00c4RVI, SEP\u00c4NJ\u00c4RVI II<\/b><\/a><\/p>\n<p><b>6.\u00a0<\/b><a href=\"http:\/\/www.kyppi.fi\/to.aspx?id=112.211010005\"><b>V\u00c4\u00c4KSY SEP\u00c4NJ\u00c4RVI 1<\/b><\/a><\/p>\n<p><b> 7.\u00a0<\/b> <a href=\"http:\/\/www.kyppi.fi\/to.aspx?id=112.211010004\"> <b>V\u00c4\u00c4KSY, POHTIO I<\/b><\/a><\/p>\n<p><b>8. &#8211; 10. \u00a0 <\/b><a href=\"http:\/\/www.kyppi.fi\/to.aspx?id=112.211010004\"><b>\u00a0<\/b><b>V\u00c4\u00c4KSY, POHTIO IV-II<\/b><\/a><\/p>\n<p><b>11.-13. \u00a0 <\/b><a href=\"http:\/\/www.kyppi.fi\/to.aspx?id=129.129574\"><b>\u00a0<\/b><b>V\u00c4\u00c4KSY ,TIILITEHDAS I-III<\/b><\/a><\/p>\n<p>[\/et_pb_text][\/et_pb_column][et_pb_column _builder_version=&#8221;4.4.7&#8243; type=&#8221;1_2&#8243;][et_pb_text _builder_version=&#8221;4.4.7&#8243; hover_enabled=&#8221;0&#8243; text_font=&#8221;Arial||on||||||&#8221; text_text_color=&#8221;#000000&#8243; text_font_size=&#8221;16px&#8221; text_font_size_tablet=&#8221;14px&#8221; text_font_size_phone=&#8221;13px&#8221; text_font_size_last_edited=&#8221;on|phone&#8221; text_line_height=&#8221;0.8em&#8221; background_color=&#8221;rgba(237,172,113,0.25)&#8221; custom_padding=&#8221;48px|0px|48px|20px|true|false&#8221;]<\/p>\n<p><strong>14.<\/strong>\u00a0<a href=\"http:\/\/www.kyppi.fi\/to.aspx?id=112.211010009\"><b><\/b><b>NUORTO, SARSANSUO<\/b><\/a><\/p>\n<p><strong>15.<\/strong>\u00a0<a href=\"http:\/\/www.kyppi.fi\/to.aspx?id=112.211010005\"><b><\/b><b>V\u00c4\u00c4KSY, V\u00c4\u00c4KSYN VANHA PUIMALA<\/b><\/a><\/p>\n<p><strong>16.\u00a0<\/strong><a href=\"http:\/\/www.kyppi.fi\/to.aspx?id=129.126440\"><b><\/b><b>NUORTO, HUUTOLA<\/b><\/a><\/p>\n<p><strong>17.<\/strong>\u00a0<a href=\"http:\/\/www.kyppi.fi\/to.aspx?id=112.211010007\"><b><\/b><b>NUORTO LENTOLA 3<\/b><\/a><\/p>\n<p><strong>18.<\/strong>\u00a0<a href=\"http:\/\/www.kyppi.fi\/to.aspx?id=112.211010008\"><b><\/b><b>NUORTO, LENTOLA 2<\/b><\/a><\/p>\n<p><strong>19.\u00a0<\/strong><a href=\"http:\/\/www.kyppi.fi\/to.aspx?id=112.211010019\"><b><\/b><b>NUORTO, SARSANSUO 4<\/b><\/a><\/p>\n<p><b>20. <\/b> <a href=\"http:\/\/www.kyppi.fi\/to.aspx?id=112.211010020\"> <b>NUORTO, SARSANSUO 2 &amp; 3<\/b><\/a><\/p>\n<p>[\/et_pb_text][\/et_pb_column][\/et_pb_row][\/et_pb_section]<\/p>\n","protected":false},"excerpt":{"rendered":"<p>HistoriaL\u00f6yt\u00f6retki &#8220;Muinaiseen Sarsaan&#8221; Heikki M\u00e4enp\u00e4\u00e4Sarsan muinaisj\u00e4\u00e4nn\u00f6salueesta hoidetaan noin 3 hehtaarin suuruista alaa,\u00a0\u00a0joka on ollut aiemmin mets\u00e4- ja joutomaana. Vuonna 1971 Kangasala Seura kunnosti sinne kivikautisen kotalieden rekonstruktion. Alueen hoito aloitettiin vuonna 1992 alueen perusraivauksella. Kohteesta siivottiin t\u00e4ll\u00f6in my\u00f6s suuret m\u00e4\u00e4r\u00e4t talousj\u00e4tett\u00e4 ja roskaa. Hoitoa on jatkettu vuosittain ja tavoitteena on pit\u00e4\u00e4 alue siistin\u00e4 ja puistomaisena. [&hellip;]<\/p>\n","protected":false},"author":2,"featured_media":0,"parent":27,"menu_order":0,"comment_status":"closed","ping_status":"closed","template":"","meta":{"_et_pb_use_builder":"on","_et_pb_old_content":"","_et_gb_content_width":"","footnotes":""},"class_list":["post-520","page","type-page","status-publish","hentry"],"_links":{"self":[{"href":"https:\/\/ourancient.eu\/index.php?rest_route=\/wp\/v2\/pages\/520","targetHints":{"allow":["GET"]}}],"collection":[{"href":"https:\/\/ourancient.eu\/index.php?rest_route=\/wp\/v2\/pages"}],"about":[{"href":"https:\/\/ourancient.eu\/index.php?rest_route=\/wp\/v2\/types\/page"}],"author":[{"embeddable":true,"href":"https:\/\/ourancient.eu\/index.php?rest_route=\/wp\/v2\/users\/2"}],"replies":[{"embeddable":true,"href":"https:\/\/ourancient.eu\/index.php?rest_route=%2Fwp%2Fv2%2Fcomments&post=520"}],"version-history":[{"count":3,"href":"https:\/\/ourancient.eu\/index.php?rest_route=\/wp\/v2\/pages\/520\/revisions"}],"predecessor-version":[{"id":526,"href":"https:\/\/ourancient.eu\/index.php?rest_route=\/wp\/v2\/pages\/520\/revisions\/526"}],"up":[{"embeddable":true,"href":"https:\/\/ourancient.eu\/index.php?rest_route=\/wp\/v2\/pages\/27"}],"wp:attachment":[{"href":"https:\/\/ourancient.eu\/index.php?rest_route=%2Fwp%2Fv2%2Fmedia&parent=520"}],"curies":[{"name":"wp","href":"https:\/\/api.w.org\/{rel}","templated":true}]}}